{"id":12114,"date":"2024-12-13T17:13:14","date_gmt":"2024-12-13T14:13:14","guid":{"rendered":"https:\/\/www.yss.com.tr\/?post_type=product&#038;p=12114"},"modified":"2025-01-06T17:56:33","modified_gmt":"2025-01-06T14:56:33","slug":"ppm-210-duz-arkalikli-ileri-geri-kizak-ayarsiz-patpat-surucu-koltugu-kopya","status":"publish","type":"product","link":"https:\/\/www.yss.com.tr\/en\/urun\/ppm-210-duz-arkalikli-ileri-geri-kizak-ayarsiz-patpat-surucu-koltugu-kopya\/","title":{"rendered":"PPM 210"},"content":{"rendered":"","protected":false},"excerpt":{"rendered":"<p><strong>STANDART \u00d6ZELL\u0130KLER<\/strong><\/p>\n<ul>\n<li>Mekanik s\u00fcspansiyon<\/li>\n<li>Dikey s\u00fcspansiyon 80 mm<\/li>\n<li>S\u00fcr\u00fcc\u00fc a\u011f\u0131rl\u0131k ayar\u0131 50-120 kg<\/li>\n<\/ul>\n<p>Patpat ara\u00e7lar\u0131na uygun sabit a\u00e7\u0131l\u0131 mekanizma T\u00fcm mekanik par\u00e7alar elektrostatik boyal\u0131 fosfat kaplamad\u0131r ; D\u00f6\u015feme geni\u015fli\u011fi 485 mm ; D\u00f6\u015feme \u00fczeri su tahliye kanal\u0131 ; \u00dcniversal ba\u011flant\u0131 ;<\/p>\n<hr \/>\n<p><span style=\"font-family: &#039;arial black&#039;, sans-serif; font-size: 14px;\"><strong>\u00dcr\u00fcn\u00fc sepete eklemek i\u00e7in , L\u00fctfen\u00a0 tercih etti\u011finiz renk se\u00e7imini yap\u0131n\u0131z.<\/strong><\/span><\/p>\n<p>[vc_row][vc_column][vc_btn title=&#8221;Soru Sor&#8221; shape=&#8221;round&#8221; color=&#8221;danger&#8221; align=&#8221;center&#8221; css=&#8221;&#8221; link=&#8221;url:%20https%3A%2F%2Fwa.me%2F905492870054&#8243;][\/vc_column][\/vc_row]<\/p>\n","protected":false},"featured_media":12115,"comment_status":"closed","ping_status":"closed","template":"","meta":{"_acf_changed":false},"product_brand":[],"product_cat":[108],"product_tag":[],"class_list":{"0":"post-12114","1":"product","2":"type-product","3":"status-publish","4":"has-post-thumbnail","6":"product_cat-yeni-urunler","7":"pa_color-gray","8":"pa_color-red","9":"pa_color-yellow","10":"pa_color-black","11":"pa_color-kumas","12":"pa_color-turuncu","15":"instock","16":"taxable","17":"shipping-taxable","18":"product-type-simple"},"acf":[],"yoast_head":"<!-- This site is optimized with the Yoast SEO plugin v27.4 - https:\/\/yoast.com\/product\/yoast-seo-wordpress\/ -->\n<title>PPM 210<\/title>\n<meta name=\"robots\" content=\"index, follow, max-snippet:-1, max-image-preview:large, max-video-preview:-1\" \/>\n<link rel=\"canonical\" href=\"https:\/\/www.yss.com.tr\/en\/urun\/ppm-210-duz-arkalikli-ileri-geri-kizak-ayarsiz-patpat-surucu-koltugu-kopya\/\" \/>\n<meta property=\"og:locale\" content=\"en_US\" \/>\n<meta property=\"og:locale:alternate\" content=\"tr\" \/>\n<meta property=\"og:type\" content=\"article\" \/>\n<meta property=\"og:title\" content=\"PPM 210\" \/>\n<meta property=\"og:description\" content=\"STANDART \u00d6ZELL\u0130KLER   Mekanik s\u00fcspansiyon  Dikey s\u00fcspansiyon 80 mm  S\u00fcr\u00fcc\u00fc a\u011f\u0131rl\u0131k ayar\u0131 50-120 kg  Patpat ara\u00e7lar\u0131na uygun sabit a\u00e7\u0131l\u0131 mekanizma T\u00fcm mekanik par\u00e7alar elektrostatik boyal\u0131 fosfat kaplamad\u0131r ; D\u00f6\u015feme geni\u015fli\u011fi 485 mm ; D\u00f6\u015feme \u00fczeri su tahliye kanal\u0131 ; \u00dcniversal ba\u011flant\u0131 ;    \u00dcr\u00fcn\u00fc sepete eklemek i\u00e7in , L\u00fctfen\u00a0 tercih etti\u011finiz renk se\u00e7imini yap\u0131n\u0131z.  [vc_row][vc_column][vc_btn title=&quot;Soru Sor&quot; shape=&quot;round&quot; color=&quot;danger&quot; align=&quot;center&quot; css=&quot;&quot; link=&quot;url:%20https%3A%2F%2Fwa.me%2F905492870054&quot;][\/vc_column][\/vc_row]\" \/>\n<meta property=\"og:url\" content=\"https:\/\/www.yss.com.tr\/en\/urun\/ppm-210-duz-arkalikli-ileri-geri-kizak-ayarsiz-patpat-surucu-koltugu-kopya\/\" \/>\n<meta property=\"og:site_name\" content=\"YSS TRAKT\u00d6R OTO KOLTUK S\u0130STEMLER\u0130 SAN. VE T\u0130C. A.\u015e.\" \/>\n<meta property=\"article:publisher\" content=\"https:\/\/www.facebook.com\/YSSKoltukSistemleri\" \/>\n<meta property=\"article:modified_time\" content=\"2025-01-06T14:56:33+00:00\" \/>\n<meta property=\"og:image\" content=\"https:\/\/www.yss.com.tr\/wp-content\/uploads\/2024\/12\/WhatsApp-Image-2022-09-23-at-14.17.00-1.png\" \/>\n\t<meta property=\"og:image:width\" content=\"2048\" \/>\n\t<meta property=\"og:image:height\" content=\"2048\" \/>\n\t<meta property=\"og:image:type\" content=\"image\/png\" \/>\n<meta name=\"twitter:card\" content=\"summary_large_image\" \/>\n<meta name=\"twitter:label1\" content=\"Est. reading time\" \/>\n\t<meta name=\"twitter:data1\" content=\"1 minute\" \/>\n<script type=\"application\/ld+json\" class=\"yoast-schema-graph\">{\"@context\":\"https:\\\/\\\/schema.org\",\"@graph\":[{\"@type\":\"WebPage\",\"@id\":\"https:\\\/\\\/www.yss.com.tr\\\/urun\\\/ppm-210-duz-arkalikli-ileri-geri-kizak-ayarsiz-patpat-surucu-koltugu-kopya\\\/\",\"url\":\"https:\\\/\\\/www.yss.com.tr\\\/urun\\\/ppm-210-duz-arkalikli-ileri-geri-kizak-ayarsiz-patpat-surucu-koltugu-kopya\\\/\",\"name\":\"PPM 210\",\"isPartOf\":{\"@id\":\"https:\\\/\\\/www.yss.com.tr\\\/#website\"},\"primaryImageOfPage\":{\"@id\":\"https:\\\/\\\/www.yss.com.tr\\\/urun\\\/ppm-210-duz-arkalikli-ileri-geri-kizak-ayarsiz-patpat-surucu-koltugu-kopya\\\/#primaryimage\"},\"image\":{\"@id\":\"https:\\\/\\\/www.yss.com.tr\\\/urun\\\/ppm-210-duz-arkalikli-ileri-geri-kizak-ayarsiz-patpat-surucu-koltugu-kopya\\\/#primaryimage\"},\"thumbnailUrl\":\"https:\\\/\\\/www.yss.com.tr\\\/wp-content\\\/uploads\\\/2024\\\/12\\\/WhatsApp-Image-2022-09-23-at-14.17.00-1.png\",\"datePublished\":\"2024-12-13T14:13:14+00:00\",\"dateModified\":\"2025-01-06T14:56:33+00:00\",\"breadcrumb\":{\"@id\":\"https:\\\/\\\/www.yss.com.tr\\\/urun\\\/ppm-210-duz-arkalikli-ileri-geri-kizak-ayarsiz-patpat-surucu-koltugu-kopya\\\/#breadcrumb\"},\"inLanguage\":\"en-US\",\"potentialAction\":[{\"@type\":\"ReadAction\",\"target\":[\"https:\\\/\\\/www.yss.com.tr\\\/urun\\\/ppm-210-duz-arkalikli-ileri-geri-kizak-ayarsiz-patpat-surucu-koltugu-kopya\\\/\"]}]},{\"@type\":\"ImageObject\",\"inLanguage\":\"en-US\",\"@id\":\"https:\\\/\\\/www.yss.com.tr\\\/urun\\\/ppm-210-duz-arkalikli-ileri-geri-kizak-ayarsiz-patpat-surucu-koltugu-kopya\\\/#primaryimage\",\"url\":\"https:\\\/\\\/www.yss.com.tr\\\/wp-content\\\/uploads\\\/2024\\\/12\\\/WhatsApp-Image-2022-09-23-at-14.17.00-1.png\",\"contentUrl\":\"https:\\\/\\\/www.yss.com.tr\\\/wp-content\\\/uploads\\\/2024\\\/12\\\/WhatsApp-Image-2022-09-23-at-14.17.00-1.png\",\"width\":2048,\"height\":2048},{\"@type\":\"BreadcrumbList\",\"@id\":\"https:\\\/\\\/www.yss.com.tr\\\/urun\\\/ppm-210-duz-arkalikli-ileri-geri-kizak-ayarsiz-patpat-surucu-koltugu-kopya\\\/#breadcrumb\",\"itemListElement\":[{\"@type\":\"ListItem\",\"position\":1,\"name\":\"Anasayfa\",\"item\":\"https:\\\/\\\/www.yss.com.tr\\\/en\\\/\"},{\"@type\":\"ListItem\",\"position\":2,\"name\":\"\u00dcr\u00fcnler\",\"item\":\"https:\\\/\\\/www.yss.com.tr\\\/urunler\\\/\"},{\"@type\":\"ListItem\",\"position\":3,\"name\":\"PPM 210\"}]},{\"@type\":\"WebSite\",\"@id\":\"https:\\\/\\\/www.yss.com.tr\\\/#website\",\"url\":\"https:\\\/\\\/www.yss.com.tr\\\/\",\"name\":\"YSS TRAKT\u00d6R OTO KOLTUK S\u0130STEMLER\u0130 SAN. VE T\u0130C. A.\u015e.\",\"description\":\"1978 y\u0131l\u0131ndan bu g\u00fcne faaliyette olan firmam\u0131z; trakt\u00f6r, forklift, i\u015f makinalar\u0131 ve tar\u0131msal ekipmanlara mekanik ve hava s\u00fcspansiyonlu s\u00fcr\u00fcc\u00fc koltuklar\u0131 ve kabin i\u00e7i poli\u00fcretan par\u00e7alar \u00fcretmektedir.\",\"publisher\":{\"@id\":\"https:\\\/\\\/www.yss.com.tr\\\/#organization\"},\"potentialAction\":[{\"@type\":\"SearchAction\",\"target\":{\"@type\":\"EntryPoint\",\"urlTemplate\":\"https:\\\/\\\/www.yss.com.tr\\\/?s={search_term_string}\"},\"query-input\":{\"@type\":\"PropertyValueSpecification\",\"valueRequired\":true,\"valueName\":\"search_term_string\"}}],\"inLanguage\":\"en-US\"},{\"@type\":\"Organization\",\"@id\":\"https:\\\/\\\/www.yss.com.tr\\\/#organization\",\"name\":\"YSS TRAKT\u00d6R OTO KOLTUK S\u0130STEMLER\u0130 SAN. VE T\u0130C. A.\u015e.\",\"url\":\"https:\\\/\\\/www.yss.com.tr\\\/\",\"logo\":{\"@type\":\"ImageObject\",\"inLanguage\":\"en-US\",\"@id\":\"https:\\\/\\\/www.yss.com.tr\\\/#\\\/schema\\\/logo\\\/image\\\/\",\"url\":\"https:\\\/\\\/www.yss.com.tr\\\/wp-content\\\/uploads\\\/2023\\\/05\\\/yss-logo.svg\",\"contentUrl\":\"https:\\\/\\\/www.yss.com.tr\\\/wp-content\\\/uploads\\\/2023\\\/05\\\/yss-logo.svg\",\"caption\":\"YSS TRAKT\u00d6R OTO KOLTUK S\u0130STEMLER\u0130 SAN. VE T\u0130C. A.\u015e.\"},\"image\":{\"@id\":\"https:\\\/\\\/www.yss.com.tr\\\/#\\\/schema\\\/logo\\\/image\\\/\"},\"sameAs\":[\"https:\\\/\\\/www.facebook.com\\\/YSSKoltukSistemleri\",\"https:\\\/\\\/www.instagram.com\\\/yssseating\\\/\"]}]}<\/script>\n<!-- \/ Yoast SEO plugin. -->","yoast_head_json":{"title":"PPM 210","robots":{"index":"index","follow":"follow","max-snippet":"max-snippet:-1","max-image-preview":"max-image-preview:large","max-video-preview":"max-video-preview:-1"},"canonical":"https:\/\/www.yss.com.tr\/en\/urun\/ppm-210-duz-arkalikli-ileri-geri-kizak-ayarsiz-patpat-surucu-koltugu-kopya\/","og_locale":"en_US","og_type":"article","og_title":"[:tr]PPM 210[:en]PPM 210[:] - YSS TRAKT\u00d6R OTO KOLTUK S\u0130STEMLER\u0130 SAN. VE T\u0130C. A.\u015e.","og_description":"STANDART \u00d6ZELL\u0130KLER   Mekanik s\u00fcspansiyon  Dikey s\u00fcspansiyon 80 mm  S\u00fcr\u00fcc\u00fc a\u011f\u0131rl\u0131k ayar\u0131 50-120 kg  Patpat ara\u00e7lar\u0131na uygun sabit a\u00e7\u0131l\u0131 mekanizma T\u00fcm mekanik par\u00e7alar elektrostatik boyal\u0131 fosfat kaplamad\u0131r ; D\u00f6\u015feme geni\u015fli\u011fi 485 mm ; D\u00f6\u015feme \u00fczeri su tahliye kanal\u0131 ; \u00dcniversal ba\u011flant\u0131 ;    \u00dcr\u00fcn\u00fc sepete eklemek i\u00e7in , L\u00fctfen\u00a0 tercih etti\u011finiz renk se\u00e7imini yap\u0131n\u0131z.  [vc_row][vc_column][vc_btn title=\"Soru Sor\" shape=\"round\" color=\"danger\" align=\"center\" css=\"\" link=\"url:%20https%3A%2F%2Fwa.me%2F905492870054\"][\/vc_column][\/vc_row]","og_url":"https:\/\/www.yss.com.tr\/en\/urun\/ppm-210-duz-arkalikli-ileri-geri-kizak-ayarsiz-patpat-surucu-koltugu-kopya\/","og_site_name":"YSS TRAKT\u00d6R OTO KOLTUK S\u0130STEMLER\u0130 SAN. VE T\u0130C. A.\u015e.","article_publisher":"https:\/\/www.facebook.com\/YSSKoltukSistemleri","article_modified_time":"2025-01-06T14:56:33+00:00","og_image":[{"width":2048,"height":2048,"url":"https:\/\/www.yss.com.tr\/wp-content\/uploads\/2024\/12\/WhatsApp-Image-2022-09-23-at-14.17.00-1.png","type":"image\/png"}],"twitter_card":"summary_large_image","twitter_misc":{"Est. reading time":"1 minute"},"schema":{"@context":"https:\/\/schema.org","@graph":[{"@type":"WebPage","@id":"https:\/\/www.yss.com.tr\/urun\/ppm-210-duz-arkalikli-ileri-geri-kizak-ayarsiz-patpat-surucu-koltugu-kopya\/","url":"https:\/\/www.yss.com.tr\/urun\/ppm-210-duz-arkalikli-ileri-geri-kizak-ayarsiz-patpat-surucu-koltugu-kopya\/","name":"PPM 210","isPartOf":{"@id":"https:\/\/www.yss.com.tr\/#website"},"primaryImageOfPage":{"@id":"https:\/\/www.yss.com.tr\/urun\/ppm-210-duz-arkalikli-ileri-geri-kizak-ayarsiz-patpat-surucu-koltugu-kopya\/#primaryimage"},"image":{"@id":"https:\/\/www.yss.com.tr\/urun\/ppm-210-duz-arkalikli-ileri-geri-kizak-ayarsiz-patpat-surucu-koltugu-kopya\/#primaryimage"},"thumbnailUrl":"https:\/\/www.yss.com.tr\/wp-content\/uploads\/2024\/12\/WhatsApp-Image-2022-09-23-at-14.17.00-1.png","datePublished":"2024-12-13T14:13:14+00:00","dateModified":"2025-01-06T14:56:33+00:00","breadcrumb":{"@id":"https:\/\/www.yss.com.tr\/urun\/ppm-210-duz-arkalikli-ileri-geri-kizak-ayarsiz-patpat-surucu-koltugu-kopya\/#breadcrumb"},"inLanguage":"en-US","potentialAction":[{"@type":"ReadAction","target":["https:\/\/www.yss.com.tr\/urun\/ppm-210-duz-arkalikli-ileri-geri-kizak-ayarsiz-patpat-surucu-koltugu-kopya\/"]}]},{"@type":"ImageObject","inLanguage":"en-US","@id":"https:\/\/www.yss.com.tr\/urun\/ppm-210-duz-arkalikli-ileri-geri-kizak-ayarsiz-patpat-surucu-koltugu-kopya\/#primaryimage","url":"https:\/\/www.yss.com.tr\/wp-content\/uploads\/2024\/12\/WhatsApp-Image-2022-09-23-at-14.17.00-1.png","contentUrl":"https:\/\/www.yss.com.tr\/wp-content\/uploads\/2024\/12\/WhatsApp-Image-2022-09-23-at-14.17.00-1.png","width":2048,"height":2048},{"@type":"BreadcrumbList","@id":"https:\/\/www.yss.com.tr\/urun\/ppm-210-duz-arkalikli-ileri-geri-kizak-ayarsiz-patpat-surucu-koltugu-kopya\/#breadcrumb","itemListElement":[{"@type":"ListItem","position":1,"name":"Anasayfa","item":"https:\/\/www.yss.com.tr\/en\/"},{"@type":"ListItem","position":2,"name":"\u00dcr\u00fcnler","item":"https:\/\/www.yss.com.tr\/urunler\/"},{"@type":"ListItem","position":3,"name":"PPM 210"}]},{"@type":"WebSite","@id":"https:\/\/www.yss.com.tr\/#website","url":"https:\/\/www.yss.com.tr\/","name":"YSS TRAKT\u00d6R OTO KOLTUK S\u0130STEMLER\u0130 SAN. VE T\u0130C. A.\u015e.","description":"1978 y\u0131l\u0131ndan bu g\u00fcne faaliyette olan firmam\u0131z; trakt\u00f6r, forklift, i\u015f makinalar\u0131 ve tar\u0131msal ekipmanlara mekanik ve hava s\u00fcspansiyonlu s\u00fcr\u00fcc\u00fc koltuklar\u0131 ve kabin i\u00e7i poli\u00fcretan par\u00e7alar \u00fcretmektedir.","publisher":{"@id":"https:\/\/www.yss.com.tr\/#organization"},"potentialAction":[{"@type":"SearchAction","target":{"@type":"EntryPoint","urlTemplate":"https:\/\/www.yss.com.tr\/?s={search_term_string}"},"query-input":{"@type":"PropertyValueSpecification","valueRequired":true,"valueName":"search_term_string"}}],"inLanguage":"en-US"},{"@type":"Organization","@id":"https:\/\/www.yss.com.tr\/#organization","name":"YSS TRAKT\u00d6R OTO KOLTUK S\u0130STEMLER\u0130 SAN. VE T\u0130C. A.\u015e.","url":"https:\/\/www.yss.com.tr\/","logo":{"@type":"ImageObject","inLanguage":"en-US","@id":"https:\/\/www.yss.com.tr\/#\/schema\/logo\/image\/","url":"https:\/\/www.yss.com.tr\/wp-content\/uploads\/2023\/05\/yss-logo.svg","contentUrl":"https:\/\/www.yss.com.tr\/wp-content\/uploads\/2023\/05\/yss-logo.svg","caption":"YSS TRAKT\u00d6R OTO KOLTUK S\u0130STEMLER\u0130 SAN. VE T\u0130C. A.\u015e."},"image":{"@id":"https:\/\/www.yss.com.tr\/#\/schema\/logo\/image\/"},"sameAs":["https:\/\/www.facebook.com\/YSSKoltukSistemleri","https:\/\/www.instagram.com\/yssseating\/"]}]}},"_links":{"self":[{"href":"https:\/\/www.yss.com.tr\/en\/wp-json\/wp\/v2\/product\/12114","targetHints":{"allow":["GET"]}}],"collection":[{"href":"https:\/\/www.yss.com.tr\/en\/wp-json\/wp\/v2\/product"}],"about":[{"href":"https:\/\/www.yss.com.tr\/en\/wp-json\/wp\/v2\/types\/product"}],"replies":[{"embeddable":true,"href":"https:\/\/www.yss.com.tr\/en\/wp-json\/wp\/v2\/comments?post=12114"}],"wp:featuredmedia":[{"embeddable":true,"href":"https:\/\/www.yss.com.tr\/en\/wp-json\/wp\/v2\/media\/12115"}],"wp:attachment":[{"href":"https:\/\/www.yss.com.tr\/en\/wp-json\/wp\/v2\/media?parent=12114"}],"wp:term":[{"taxonomy":"product_brand","embeddable":true,"href":"https:\/\/www.yss.com.tr\/en\/wp-json\/wp\/v2\/product_brand?post=12114"},{"taxonomy":"product_cat","embeddable":true,"href":"https:\/\/www.yss.com.tr\/en\/wp-json\/wp\/v2\/product_cat?post=12114"},{"taxonomy":"product_tag","embeddable":true,"href":"https:\/\/www.yss.com.tr\/en\/wp-json\/wp\/v2\/product_tag?post=12114"}],"curies":[{"name":"wp","href":"https:\/\/api.w.org\/{rel}","templated":true}]}}