{"id":11772,"date":"2024-11-06T11:53:50","date_gmt":"2024-11-06T08:53:50","guid":{"rendered":"https:\/\/www.yss.com.tr\/?post_type=product&#038;p=11772"},"modified":"2026-02-01T20:32:44","modified_gmt":"2026-02-01T17:32:44","slug":"ppm-110-duz-arkalikli-ileri-geri-kizak-ayarsiz-patpat-surucu-koltugu","status":"publish","type":"product","link":"https:\/\/www.yss.com.tr\/en\/urun\/ppm-110-duz-arkalikli-ileri-geri-kizak-ayarsiz-patpat-surucu-koltugu\/","title":{"rendered":"PPM 110 Sabit Kol\u00e7akl\u0131 \u0130leri-Geri K\u0131zak Ayars\u0131z Patpat S\u00fcr\u00fcc\u00fc Koltu\u011fu"},"content":{"rendered":"","protected":false},"excerpt":{"rendered":"<p><strong>STANDART \u00d6ZELL\u0130KLER<\/strong><\/p>\n<ul>\n<li>mekanik s\u00fcspansiyon<\/li>\n<li>Dikey s\u00fcspansiyon 80 mm<\/li>\n<li>S\u00fcr\u00fcc\u00fc a\u011f\u0131rl\u0131k ayar\u0131 50-120 kg<\/li>\n<\/ul>\n<p>Patpat ara\u00e7lar\u0131na uygun sabit a\u00e7\u0131l\u0131 mekanizma T\u00fcm mekanik par\u00e7alar elektrostatik boyal\u0131 fosfat kaplamad\u0131r ; D\u00f6\u015feme geni\u015fli\u011fi 485 mm ; D\u00f6\u015feme \u00fczeri su tahliye kanal\u0131 ; \u00dcniversal ba\u011flant\u0131 ;<\/p>\n<hr \/>\n<p><span style=\"font-family: 'arial black', sans-serif; font-size: 14px;\"><strong>\u00dcr\u00fcn\u00fc sepete eklemek i\u00e7in , L\u00fctfen\u00a0 tercih etti\u011finiz renk se\u00e7imini yap\u0131n\u0131z.<\/strong><\/span><\/p>\n","protected":false},"featured_media":11777,"comment_status":"closed","ping_status":"closed","template":"","meta":{"_acf_changed":false},"product_brand":[],"product_cat":[85],"product_tag":[],"class_list":{"0":"post-11772","1":"product","2":"type-product","3":"status-publish","4":"has-post-thumbnail","6":"product_cat-online-satis","7":"pa_color-gray","8":"pa_color-red","9":"pa_color-yellow","10":"pa_color-black","11":"pa_color-kumas","12":"pa_color-turuncu","15":"instock","16":"sale","17":"taxable","18":"shipping-taxable","19":"purchasable","20":"product-type-variable","21":"has-default-attributes","22":"wvs-archive-product-wrapper"},"acf":[],"yoast_head":"<!-- This site is optimized with the Yoast SEO plugin v27.4 - https:\/\/yoast.com\/product\/yoast-seo-wordpress\/ -->\n<title>PPM 110 Sabit Kol\u00e7akl\u0131 \u0130leri-Geri K\u0131zak Ayars\u0131z Patpat S\u00fcr\u00fcc\u00fc Koltu\u011fu<\/title>\n<meta name=\"robots\" content=\"index, follow, max-snippet:-1, max-image-preview:large, max-video-preview:-1\" \/>\n<link rel=\"canonical\" href=\"https:\/\/www.yss.com.tr\/en\/urun\/ppm-110-duz-arkalikli-ileri-geri-kizak-ayarsiz-patpat-surucu-koltugu\/\" \/>\n<meta property=\"og:locale\" content=\"en_US\" \/>\n<meta property=\"og:locale:alternate\" content=\"tr\" \/>\n<meta property=\"og:type\" content=\"article\" \/>\n<meta property=\"og:title\" content=\"PPM 110 Sabit Kol\u00e7akl\u0131 \u0130leri-Geri K\u0131zak Ayars\u0131z Patpat S\u00fcr\u00fcc\u00fc Koltu\u011fu\" \/>\n<meta property=\"og:description\" content=\"STANDART \u00d6ZELL\u0130KLER   mekanik s\u00fcspansiyon  Dikey s\u00fcspansiyon 80 mm  S\u00fcr\u00fcc\u00fc a\u011f\u0131rl\u0131k ayar\u0131 50-120 kg  Patpat ara\u00e7lar\u0131na uygun sabit a\u00e7\u0131l\u0131 mekanizma T\u00fcm mekanik par\u00e7alar elektrostatik boyal\u0131 fosfat kaplamad\u0131r ; D\u00f6\u015feme geni\u015fli\u011fi 485 mm ; D\u00f6\u015feme \u00fczeri su tahliye kanal\u0131 ; \u00dcniversal ba\u011flant\u0131 ;    \u00dcr\u00fcn\u00fc sepete eklemek i\u00e7in , L\u00fctfen\u00a0 tercih etti\u011finiz renk se\u00e7imini yap\u0131n\u0131z.\" \/>\n<meta property=\"og:url\" content=\"https:\/\/www.yss.com.tr\/en\/urun\/ppm-110-duz-arkalikli-ileri-geri-kizak-ayarsiz-patpat-surucu-koltugu\/\" \/>\n<meta property=\"og:site_name\" content=\"YSS TRAKT\u00d6R OTO KOLTUK S\u0130STEMLER\u0130 SAN. VE T\u0130C. A.\u015e.\" \/>\n<meta property=\"article:publisher\" content=\"https:\/\/www.facebook.com\/YSSKoltukSistemleri\" \/>\n<meta property=\"article:modified_time\" content=\"2026-02-01T17:32:44+00:00\" \/>\n<meta property=\"og:image\" content=\"https:\/\/www.yss.com.tr\/wp-content\/uploads\/2024\/11\/s4.png\" \/>\n\t<meta property=\"og:image:width\" content=\"3546\" \/>\n\t<meta property=\"og:image:height\" content=\"2364\" \/>\n\t<meta property=\"og:image:type\" content=\"image\/png\" \/>\n<meta name=\"twitter:card\" content=\"summary_large_image\" \/>\n<meta name=\"twitter:label1\" content=\"Est. reading time\" \/>\n\t<meta name=\"twitter:data1\" content=\"1 minute\" \/>\n<script type=\"application\/ld+json\" class=\"yoast-schema-graph\">{\"@context\":\"https:\\\/\\\/schema.org\",\"@graph\":[{\"@type\":\"WebPage\",\"@id\":\"https:\\\/\\\/www.yss.com.tr\\\/urun\\\/ppm-110-duz-arkalikli-ileri-geri-kizak-ayarsiz-patpat-surucu-koltugu\\\/\",\"url\":\"https:\\\/\\\/www.yss.com.tr\\\/urun\\\/ppm-110-duz-arkalikli-ileri-geri-kizak-ayarsiz-patpat-surucu-koltugu\\\/\",\"name\":\"PPM 110 Sabit Kol\u00e7akl\u0131 \u0130leri-Geri K\u0131zak Ayars\u0131z Patpat S\u00fcr\u00fcc\u00fc Koltu\u011fu\",\"isPartOf\":{\"@id\":\"https:\\\/\\\/www.yss.com.tr\\\/#website\"},\"primaryImageOfPage\":{\"@id\":\"https:\\\/\\\/www.yss.com.tr\\\/urun\\\/ppm-110-duz-arkalikli-ileri-geri-kizak-ayarsiz-patpat-surucu-koltugu\\\/#primaryimage\"},\"image\":{\"@id\":\"https:\\\/\\\/www.yss.com.tr\\\/urun\\\/ppm-110-duz-arkalikli-ileri-geri-kizak-ayarsiz-patpat-surucu-koltugu\\\/#primaryimage\"},\"thumbnailUrl\":\"https:\\\/\\\/www.yss.com.tr\\\/wp-content\\\/uploads\\\/2024\\\/11\\\/s4-scaled.png\",\"datePublished\":\"2024-11-06T08:53:50+00:00\",\"dateModified\":\"2026-02-01T17:32:44+00:00\",\"breadcrumb\":{\"@id\":\"https:\\\/\\\/www.yss.com.tr\\\/urun\\\/ppm-110-duz-arkalikli-ileri-geri-kizak-ayarsiz-patpat-surucu-koltugu\\\/#breadcrumb\"},\"inLanguage\":\"en-US\",\"potentialAction\":[{\"@type\":\"ReadAction\",\"target\":[\"https:\\\/\\\/www.yss.com.tr\\\/urun\\\/ppm-110-duz-arkalikli-ileri-geri-kizak-ayarsiz-patpat-surucu-koltugu\\\/\"]}]},{\"@type\":\"ImageObject\",\"inLanguage\":\"en-US\",\"@id\":\"https:\\\/\\\/www.yss.com.tr\\\/urun\\\/ppm-110-duz-arkalikli-ileri-geri-kizak-ayarsiz-patpat-surucu-koltugu\\\/#primaryimage\",\"url\":\"https:\\\/\\\/www.yss.com.tr\\\/wp-content\\\/uploads\\\/2024\\\/11\\\/s4-scaled.png\",\"contentUrl\":\"https:\\\/\\\/www.yss.com.tr\\\/wp-content\\\/uploads\\\/2024\\\/11\\\/s4-scaled.png\",\"width\":2560,\"height\":1707},{\"@type\":\"BreadcrumbList\",\"@id\":\"https:\\\/\\\/www.yss.com.tr\\\/urun\\\/ppm-110-duz-arkalikli-ileri-geri-kizak-ayarsiz-patpat-surucu-koltugu\\\/#breadcrumb\",\"itemListElement\":[{\"@type\":\"ListItem\",\"position\":1,\"name\":\"Anasayfa\",\"item\":\"https:\\\/\\\/www.yss.com.tr\\\/en\\\/\"},{\"@type\":\"ListItem\",\"position\":2,\"name\":\"\u00dcr\u00fcnler\",\"item\":\"https:\\\/\\\/www.yss.com.tr\\\/urunler\\\/\"},{\"@type\":\"ListItem\",\"position\":3,\"name\":\"PPM 110 Sabit Kol\u00e7akl\u0131 \u0130leri-Geri K\u0131zak Ayars\u0131z Patpat S\u00fcr\u00fcc\u00fc Koltu\u011fu\"}]},{\"@type\":\"WebSite\",\"@id\":\"https:\\\/\\\/www.yss.com.tr\\\/#website\",\"url\":\"https:\\\/\\\/www.yss.com.tr\\\/\",\"name\":\"YSS TRAKT\u00d6R OTO KOLTUK S\u0130STEMLER\u0130 SAN. VE T\u0130C. A.\u015e.\",\"description\":\"1978 y\u0131l\u0131ndan bu g\u00fcne faaliyette olan firmam\u0131z; trakt\u00f6r, forklift, i\u015f makinalar\u0131 ve tar\u0131msal ekipmanlara mekanik ve hava s\u00fcspansiyonlu s\u00fcr\u00fcc\u00fc koltuklar\u0131 ve kabin i\u00e7i poli\u00fcretan par\u00e7alar \u00fcretmektedir.\",\"publisher\":{\"@id\":\"https:\\\/\\\/www.yss.com.tr\\\/#organization\"},\"potentialAction\":[{\"@type\":\"SearchAction\",\"target\":{\"@type\":\"EntryPoint\",\"urlTemplate\":\"https:\\\/\\\/www.yss.com.tr\\\/?s={search_term_string}\"},\"query-input\":{\"@type\":\"PropertyValueSpecification\",\"valueRequired\":true,\"valueName\":\"search_term_string\"}}],\"inLanguage\":\"en-US\"},{\"@type\":\"Organization\",\"@id\":\"https:\\\/\\\/www.yss.com.tr\\\/#organization\",\"name\":\"YSS TRAKT\u00d6R OTO KOLTUK S\u0130STEMLER\u0130 SAN. VE T\u0130C. A.\u015e.\",\"url\":\"https:\\\/\\\/www.yss.com.tr\\\/\",\"logo\":{\"@type\":\"ImageObject\",\"inLanguage\":\"en-US\",\"@id\":\"https:\\\/\\\/www.yss.com.tr\\\/#\\\/schema\\\/logo\\\/image\\\/\",\"url\":\"https:\\\/\\\/www.yss.com.tr\\\/wp-content\\\/uploads\\\/2023\\\/05\\\/yss-logo.svg\",\"contentUrl\":\"https:\\\/\\\/www.yss.com.tr\\\/wp-content\\\/uploads\\\/2023\\\/05\\\/yss-logo.svg\",\"caption\":\"YSS TRAKT\u00d6R OTO KOLTUK S\u0130STEMLER\u0130 SAN. VE T\u0130C. A.\u015e.\"},\"image\":{\"@id\":\"https:\\\/\\\/www.yss.com.tr\\\/#\\\/schema\\\/logo\\\/image\\\/\"},\"sameAs\":[\"https:\\\/\\\/www.facebook.com\\\/YSSKoltukSistemleri\",\"https:\\\/\\\/www.instagram.com\\\/yssseating\\\/\"]}]}<\/script>\n<!-- \/ Yoast SEO plugin. -->","yoast_head_json":{"title":"PPM 110 Sabit Kol\u00e7akl\u0131 \u0130leri-Geri K\u0131zak Ayars\u0131z Patpat S\u00fcr\u00fcc\u00fc Koltu\u011fu","robots":{"index":"index","follow":"follow","max-snippet":"max-snippet:-1","max-image-preview":"max-image-preview:large","max-video-preview":"max-video-preview:-1"},"canonical":"https:\/\/www.yss.com.tr\/en\/urun\/ppm-110-duz-arkalikli-ileri-geri-kizak-ayarsiz-patpat-surucu-koltugu\/","og_locale":"en_US","og_type":"article","og_title":"[:tr]PPM 110 Sabit Kol\u00e7akl\u0131 \u0130leri-Geri K\u0131zak Ayars\u0131z Patpat S\u00fcr\u00fcc\u00fc Koltu\u011fu[:] - YSS TRAKT\u00d6R OTO KOLTUK S\u0130STEMLER\u0130 SAN. VE T\u0130C. A.\u015e.","og_description":"STANDART \u00d6ZELL\u0130KLER   mekanik s\u00fcspansiyon  Dikey s\u00fcspansiyon 80 mm  S\u00fcr\u00fcc\u00fc a\u011f\u0131rl\u0131k ayar\u0131 50-120 kg  Patpat ara\u00e7lar\u0131na uygun sabit a\u00e7\u0131l\u0131 mekanizma T\u00fcm mekanik par\u00e7alar elektrostatik boyal\u0131 fosfat kaplamad\u0131r ; D\u00f6\u015feme geni\u015fli\u011fi 485 mm ; D\u00f6\u015feme \u00fczeri su tahliye kanal\u0131 ; \u00dcniversal ba\u011flant\u0131 ;    \u00dcr\u00fcn\u00fc sepete eklemek i\u00e7in , L\u00fctfen\u00a0 tercih etti\u011finiz renk se\u00e7imini yap\u0131n\u0131z.","og_url":"https:\/\/www.yss.com.tr\/en\/urun\/ppm-110-duz-arkalikli-ileri-geri-kizak-ayarsiz-patpat-surucu-koltugu\/","og_site_name":"YSS TRAKT\u00d6R OTO KOLTUK S\u0130STEMLER\u0130 SAN. VE T\u0130C. A.\u015e.","article_publisher":"https:\/\/www.facebook.com\/YSSKoltukSistemleri","article_modified_time":"2026-02-01T17:32:44+00:00","og_image":[{"width":3546,"height":2364,"url":"https:\/\/www.yss.com.tr\/wp-content\/uploads\/2024\/11\/s4.png","type":"image\/png"}],"twitter_card":"summary_large_image","twitter_misc":{"Est. reading time":"1 minute"},"schema":{"@context":"https:\/\/schema.org","@graph":[{"@type":"WebPage","@id":"https:\/\/www.yss.com.tr\/urun\/ppm-110-duz-arkalikli-ileri-geri-kizak-ayarsiz-patpat-surucu-koltugu\/","url":"https:\/\/www.yss.com.tr\/urun\/ppm-110-duz-arkalikli-ileri-geri-kizak-ayarsiz-patpat-surucu-koltugu\/","name":"PPM 110 Sabit Kol\u00e7akl\u0131 \u0130leri-Geri K\u0131zak Ayars\u0131z Patpat S\u00fcr\u00fcc\u00fc Koltu\u011fu","isPartOf":{"@id":"https:\/\/www.yss.com.tr\/#website"},"primaryImageOfPage":{"@id":"https:\/\/www.yss.com.tr\/urun\/ppm-110-duz-arkalikli-ileri-geri-kizak-ayarsiz-patpat-surucu-koltugu\/#primaryimage"},"image":{"@id":"https:\/\/www.yss.com.tr\/urun\/ppm-110-duz-arkalikli-ileri-geri-kizak-ayarsiz-patpat-surucu-koltugu\/#primaryimage"},"thumbnailUrl":"https:\/\/www.yss.com.tr\/wp-content\/uploads\/2024\/11\/s4-scaled.png","datePublished":"2024-11-06T08:53:50+00:00","dateModified":"2026-02-01T17:32:44+00:00","breadcrumb":{"@id":"https:\/\/www.yss.com.tr\/urun\/ppm-110-duz-arkalikli-ileri-geri-kizak-ayarsiz-patpat-surucu-koltugu\/#breadcrumb"},"inLanguage":"en-US","potentialAction":[{"@type":"ReadAction","target":["https:\/\/www.yss.com.tr\/urun\/ppm-110-duz-arkalikli-ileri-geri-kizak-ayarsiz-patpat-surucu-koltugu\/"]}]},{"@type":"ImageObject","inLanguage":"en-US","@id":"https:\/\/www.yss.com.tr\/urun\/ppm-110-duz-arkalikli-ileri-geri-kizak-ayarsiz-patpat-surucu-koltugu\/#primaryimage","url":"https:\/\/www.yss.com.tr\/wp-content\/uploads\/2024\/11\/s4-scaled.png","contentUrl":"https:\/\/www.yss.com.tr\/wp-content\/uploads\/2024\/11\/s4-scaled.png","width":2560,"height":1707},{"@type":"BreadcrumbList","@id":"https:\/\/www.yss.com.tr\/urun\/ppm-110-duz-arkalikli-ileri-geri-kizak-ayarsiz-patpat-surucu-koltugu\/#breadcrumb","itemListElement":[{"@type":"ListItem","position":1,"name":"Anasayfa","item":"https:\/\/www.yss.com.tr\/en\/"},{"@type":"ListItem","position":2,"name":"\u00dcr\u00fcnler","item":"https:\/\/www.yss.com.tr\/urunler\/"},{"@type":"ListItem","position":3,"name":"PPM 110 Sabit Kol\u00e7akl\u0131 \u0130leri-Geri K\u0131zak Ayars\u0131z Patpat S\u00fcr\u00fcc\u00fc Koltu\u011fu"}]},{"@type":"WebSite","@id":"https:\/\/www.yss.com.tr\/#website","url":"https:\/\/www.yss.com.tr\/","name":"YSS TRAKT\u00d6R OTO KOLTUK S\u0130STEMLER\u0130 SAN. VE T\u0130C. A.\u015e.","description":"1978 y\u0131l\u0131ndan bu g\u00fcne faaliyette olan firmam\u0131z; trakt\u00f6r, forklift, i\u015f makinalar\u0131 ve tar\u0131msal ekipmanlara mekanik ve hava s\u00fcspansiyonlu s\u00fcr\u00fcc\u00fc koltuklar\u0131 ve kabin i\u00e7i poli\u00fcretan par\u00e7alar \u00fcretmektedir.","publisher":{"@id":"https:\/\/www.yss.com.tr\/#organization"},"potentialAction":[{"@type":"SearchAction","target":{"@type":"EntryPoint","urlTemplate":"https:\/\/www.yss.com.tr\/?s={search_term_string}"},"query-input":{"@type":"PropertyValueSpecification","valueRequired":true,"valueName":"search_term_string"}}],"inLanguage":"en-US"},{"@type":"Organization","@id":"https:\/\/www.yss.com.tr\/#organization","name":"YSS TRAKT\u00d6R OTO KOLTUK S\u0130STEMLER\u0130 SAN. VE T\u0130C. A.\u015e.","url":"https:\/\/www.yss.com.tr\/","logo":{"@type":"ImageObject","inLanguage":"en-US","@id":"https:\/\/www.yss.com.tr\/#\/schema\/logo\/image\/","url":"https:\/\/www.yss.com.tr\/wp-content\/uploads\/2023\/05\/yss-logo.svg","contentUrl":"https:\/\/www.yss.com.tr\/wp-content\/uploads\/2023\/05\/yss-logo.svg","caption":"YSS TRAKT\u00d6R OTO KOLTUK S\u0130STEMLER\u0130 SAN. VE T\u0130C. A.\u015e."},"image":{"@id":"https:\/\/www.yss.com.tr\/#\/schema\/logo\/image\/"},"sameAs":["https:\/\/www.facebook.com\/YSSKoltukSistemleri","https:\/\/www.instagram.com\/yssseating\/"]}]}},"_links":{"self":[{"href":"https:\/\/www.yss.com.tr\/en\/wp-json\/wp\/v2\/product\/11772","targetHints":{"allow":["GET"]}}],"collection":[{"href":"https:\/\/www.yss.com.tr\/en\/wp-json\/wp\/v2\/product"}],"about":[{"href":"https:\/\/www.yss.com.tr\/en\/wp-json\/wp\/v2\/types\/product"}],"replies":[{"embeddable":true,"href":"https:\/\/www.yss.com.tr\/en\/wp-json\/wp\/v2\/comments?post=11772"}],"wp:featuredmedia":[{"embeddable":true,"href":"https:\/\/www.yss.com.tr\/en\/wp-json\/wp\/v2\/media\/11777"}],"wp:attachment":[{"href":"https:\/\/www.yss.com.tr\/en\/wp-json\/wp\/v2\/media?parent=11772"}],"wp:term":[{"taxonomy":"product_brand","embeddable":true,"href":"https:\/\/www.yss.com.tr\/en\/wp-json\/wp\/v2\/product_brand?post=11772"},{"taxonomy":"product_cat","embeddable":true,"href":"https:\/\/www.yss.com.tr\/en\/wp-json\/wp\/v2\/product_cat?post=11772"},{"taxonomy":"product_tag","embeddable":true,"href":"https:\/\/www.yss.com.tr\/en\/wp-json\/wp\/v2\/product_tag?post=11772"}],"curies":[{"name":"wp","href":"https:\/\/api.w.org\/{rel}","templated":true}]}}