{"id":11573,"date":"2024-12-12T20:02:05","date_gmt":"2024-12-12T17:02:05","guid":{"rendered":"https:\/\/www.yss.com.tr\/?post_type=product&#038;p=11573"},"modified":"2024-12-13T15:23:59","modified_gmt":"2024-12-13T12:23:59","slug":"f-210-1","status":"publish","type":"product","link":"https:\/\/www.yss.com.tr\/en\/urun\/f-210-1\/","title":{"rendered":"F 210-1 D\u00fcz Arkal\u0131kl\u0131 \u0130leri-Geri K\u0131zak Ayarl\u0131 Forklift Koltu\u011fu"},"content":{"rendered":"","protected":false},"excerpt":{"rendered":"<p><strong>STANDART \u00d6ZELL\u0130KLER<\/strong><\/p>\n<ul id=\"properties\" class=\"properties\">\n<li>\u0130leri geri k\u0131zak ayar\u0131 150 mm (6&#8243;)<\/li>\n<li>D\u00f6\u015feme \u00fczeri su ve hava tahliye kanal\u0131<\/li>\n<li>Forklift i\u00e7in k\u0131zakl\u0131 ve mekanizmas\u0131z genel ama\u00e7l\u0131 (\u00fcniversal taban).<\/li>\n<li>D\u00f6\u015feme geni\u015fli\u011fi 485 mm.<\/li>\n<\/ul>\n<p><strong>OPS\u0130YONEL \u00d6ZELL\u0130KLER<\/strong><\/p>\n<ul id=\"optional\" class=\"optional\">\n<li>Ayarlanabilir kol\u00e7ak<\/li>\n<li>Emniyet kemeri (otomatik statik)<\/li>\n<li>Emniyet anahtar\u0131<\/li>\n<li>Kuma\u015f kaplama<\/li>\n<li>Is\u0131tma \u00fcnitesi<\/li>\n<\/ul>\n<p><strong>STANDART \u00d6ZELL\u0130KLER<\/strong><\/p>\n<ul id=\"properties\" class=\"properties\">\n<li>\u0130leri geri k\u0131zak ayar\u0131 150 mm (6&#8243;)<\/li>\n<li>D\u00f6\u015feme \u00fczeri su ve hava tahliye kanal\u0131<\/li>\n<li>Forklift i\u00e7in k\u0131zakl\u0131 ve mekanizmas\u0131z genel ama\u00e7l\u0131 (\u00fcniversal taban).<\/li>\n<li>D\u00f6\u015feme geni\u015fli\u011fi 485 mm.<\/li>\n<\/ul>\n<p><strong>OPS\u0130YONEL \u00d6ZELL\u0130KLER<\/strong><\/p>\n<ul id=\"optional\" class=\"optional\">\n<li>Ayarlanabilir kol\u00e7ak<\/li>\n<li>Emniyet kemeri (otomatik statik)<\/li>\n<li>Emniyet anahtar\u0131<\/li>\n<li>Kuma\u015f kaplama<\/li>\n<li>Is\u0131tma \u00fcnitesi<\/li>\n<\/ul>\n<p><a href=\"https:\/\/www.yss.com.tr\/wp-content\/uploads\/2023\/05\/yazar-tasit-koltuklari-renk-secenegi.jpg\"><img loading=\"lazy\" decoding=\"async\" class=\"alignnone size-full wp-image-11509\" src=\"https:\/\/www.yss.com.tr\/wp-content\/uploads\/2023\/05\/yazar-tasit-koltuklari-renk-secenegi.jpg\" alt=\"\" width=\"259\" height=\"104\" \/><\/a><\/p>\n","protected":false},"featured_media":11690,"comment_status":"closed","ping_status":"closed","template":"","meta":{"_acf_changed":false},"product_brand":[],"product_cat":[86],"product_tag":[],"class_list":{"0":"post-11573","1":"product","2":"type-product","3":"status-publish","4":"has-post-thumbnail","6":"product_cat-tum-urunler","9":"instock","10":"taxable","11":"shipping-taxable","12":"product-type-simple"},"acf":[],"yoast_head":"<!-- This site is optimized with the Yoast SEO plugin v27.4 - https:\/\/yoast.com\/product\/yoast-seo-wordpress\/ -->\n<title>F 210-1 D\u00fcz Arkal\u0131kl\u0131 \u0130leri-Geri K\u0131zak Ayarl\u0131 Forklift Koltu\u011fu - YSS TRAKT\u00d6R OTO KOLTUK S\u0130STEMLER\u0130 SAN. VE T\u0130C. A.\u015e.<\/title>\n<meta name=\"robots\" content=\"index, follow, max-snippet:-1, max-image-preview:large, max-video-preview:-1\" \/>\n<link rel=\"canonical\" href=\"https:\/\/www.yss.com.tr\/en\/urun\/f-210-1\/\" \/>\n<meta property=\"og:locale\" content=\"en_US\" \/>\n<meta property=\"og:locale:alternate\" content=\"tr\" \/>\n<meta property=\"og:type\" content=\"article\" \/>\n<meta property=\"og:title\" content=\"F 210-1 D\u00fcz Arkal\u0131kl\u0131 \u0130leri-Geri K\u0131zak Ayarl\u0131 Forklift Koltu\u011fu - YSS TRAKT\u00d6R OTO KOLTUK S\u0130STEMLER\u0130 SAN. VE T\u0130C. A.\u015e.\" \/>\n<meta property=\"og:description\" content=\"STANDART \u00d6ZELL\u0130KLER   \u0130leri geri k\u0131zak ayar\u0131 150 mm (6&quot;)  D\u00f6\u015feme \u00fczeri su ve hava tahliye kanal\u0131  Forklift i\u00e7in k\u0131zakl\u0131 ve mekanizmas\u0131z genel ama\u00e7l\u0131 (\u00fcniversal taban).  D\u00f6\u015feme geni\u015fli\u011fi 485 mm.  OPS\u0130YONEL \u00d6ZELL\u0130KLER   Ayarlanabilir kol\u00e7ak  Emniyet kemeri (otomatik statik)  Emniyet anahtar\u0131  Kuma\u015f kaplama  Is\u0131tma \u00fcnitesi  STANDART \u00d6ZELL\u0130KLER   \u0130leri geri k\u0131zak ayar\u0131 150 mm (6&quot;)  D\u00f6\u015feme \u00fczeri su ve hava tahliye kanal\u0131  Forklift i\u00e7in k\u0131zakl\u0131 ve mekanizmas\u0131z genel ama\u00e7l\u0131 (\u00fcniversal taban).  D\u00f6\u015feme geni\u015fli\u011fi 485 mm.  OPS\u0130YONEL \u00d6ZELL\u0130KLER   Ayarlanabilir kol\u00e7ak  Emniyet kemeri (otomatik statik)  Emniyet anahtar\u0131  Kuma\u015f kaplama  Is\u0131tma \u00fcnitesi\" \/>\n<meta property=\"og:url\" content=\"https:\/\/www.yss.com.tr\/en\/urun\/f-210-1\/\" \/>\n<meta property=\"og:site_name\" content=\"YSS TRAKT\u00d6R OTO KOLTUK S\u0130STEMLER\u0130 SAN. VE T\u0130C. A.\u015e.\" \/>\n<meta property=\"article:publisher\" content=\"https:\/\/www.facebook.com\/YSSKoltukSistemleri\" \/>\n<meta property=\"article:modified_time\" content=\"2024-12-13T12:23:59+00:00\" \/>\n<meta property=\"og:image\" content=\"https:\/\/www.yss.com.tr\/wp-content\/uploads\/2023\/05\/F-201-1-2.png\" \/>\n\t<meta property=\"og:image:width\" content=\"1200\" \/>\n\t<meta property=\"og:image:height\" content=\"1200\" \/>\n\t<meta property=\"og:image:type\" content=\"image\/png\" \/>\n<meta name=\"twitter:card\" content=\"summary_large_image\" \/>\n<meta name=\"twitter:label1\" content=\"Est. reading time\" \/>\n\t<meta name=\"twitter:data1\" content=\"1 minute\" \/>\n<script type=\"application\/ld+json\" class=\"yoast-schema-graph\">{\"@context\":\"https:\\\/\\\/schema.org\",\"@graph\":[{\"@type\":\"WebPage\",\"@id\":\"https:\\\/\\\/www.yss.com.tr\\\/urun\\\/f-210-1\\\/\",\"url\":\"https:\\\/\\\/www.yss.com.tr\\\/urun\\\/f-210-1\\\/\",\"name\":\"F 210-1 D\u00fcz Arkal\u0131kl\u0131 \u0130leri-Geri K\u0131zak Ayarl\u0131 Forklift Koltu\u011fu - YSS TRAKT\u00d6R OTO KOLTUK S\u0130STEMLER\u0130 SAN. VE T\u0130C. A.\u015e.\",\"isPartOf\":{\"@id\":\"https:\\\/\\\/www.yss.com.tr\\\/#website\"},\"primaryImageOfPage\":{\"@id\":\"https:\\\/\\\/www.yss.com.tr\\\/urun\\\/f-210-1\\\/#primaryimage\"},\"image\":{\"@id\":\"https:\\\/\\\/www.yss.com.tr\\\/urun\\\/f-210-1\\\/#primaryimage\"},\"thumbnailUrl\":\"https:\\\/\\\/www.yss.com.tr\\\/wp-content\\\/uploads\\\/2023\\\/05\\\/F-201-1-2.png\",\"datePublished\":\"2024-12-12T17:02:05+00:00\",\"dateModified\":\"2024-12-13T12:23:59+00:00\",\"breadcrumb\":{\"@id\":\"https:\\\/\\\/www.yss.com.tr\\\/urun\\\/f-210-1\\\/#breadcrumb\"},\"inLanguage\":\"en-US\",\"potentialAction\":[{\"@type\":\"ReadAction\",\"target\":[\"https:\\\/\\\/www.yss.com.tr\\\/urun\\\/f-210-1\\\/\"]}]},{\"@type\":\"ImageObject\",\"inLanguage\":\"en-US\",\"@id\":\"https:\\\/\\\/www.yss.com.tr\\\/urun\\\/f-210-1\\\/#primaryimage\",\"url\":\"https:\\\/\\\/www.yss.com.tr\\\/wp-content\\\/uploads\\\/2023\\\/05\\\/F-201-1-2.png\",\"contentUrl\":\"https:\\\/\\\/www.yss.com.tr\\\/wp-content\\\/uploads\\\/2023\\\/05\\\/F-201-1-2.png\",\"width\":1200,\"height\":1200},{\"@type\":\"BreadcrumbList\",\"@id\":\"https:\\\/\\\/www.yss.com.tr\\\/urun\\\/f-210-1\\\/#breadcrumb\",\"itemListElement\":[{\"@type\":\"ListItem\",\"position\":1,\"name\":\"Anasayfa\",\"item\":\"https:\\\/\\\/www.yss.com.tr\\\/en\\\/\"},{\"@type\":\"ListItem\",\"position\":2,\"name\":\"\u00dcr\u00fcnler\",\"item\":\"https:\\\/\\\/www.yss.com.tr\\\/urunler\\\/\"},{\"@type\":\"ListItem\",\"position\":3,\"name\":\"F 210-1 D\u00fcz Arkal\u0131kl\u0131 \u0130leri-Geri K\u0131zak Ayarl\u0131 Forklift Koltu\u011fu\"}]},{\"@type\":\"WebSite\",\"@id\":\"https:\\\/\\\/www.yss.com.tr\\\/#website\",\"url\":\"https:\\\/\\\/www.yss.com.tr\\\/\",\"name\":\"YSS TRAKT\u00d6R OTO KOLTUK S\u0130STEMLER\u0130 SAN. VE T\u0130C. A.\u015e.\",\"description\":\"1978 y\u0131l\u0131ndan bu g\u00fcne faaliyette olan firmam\u0131z; trakt\u00f6r, forklift, i\u015f makinalar\u0131 ve tar\u0131msal ekipmanlara mekanik ve hava s\u00fcspansiyonlu s\u00fcr\u00fcc\u00fc koltuklar\u0131 ve kabin i\u00e7i poli\u00fcretan par\u00e7alar \u00fcretmektedir.\",\"publisher\":{\"@id\":\"https:\\\/\\\/www.yss.com.tr\\\/#organization\"},\"potentialAction\":[{\"@type\":\"SearchAction\",\"target\":{\"@type\":\"EntryPoint\",\"urlTemplate\":\"https:\\\/\\\/www.yss.com.tr\\\/?s={search_term_string}\"},\"query-input\":{\"@type\":\"PropertyValueSpecification\",\"valueRequired\":true,\"valueName\":\"search_term_string\"}}],\"inLanguage\":\"en-US\"},{\"@type\":\"Organization\",\"@id\":\"https:\\\/\\\/www.yss.com.tr\\\/#organization\",\"name\":\"YSS TRAKT\u00d6R OTO KOLTUK S\u0130STEMLER\u0130 SAN. VE T\u0130C. A.\u015e.\",\"url\":\"https:\\\/\\\/www.yss.com.tr\\\/\",\"logo\":{\"@type\":\"ImageObject\",\"inLanguage\":\"en-US\",\"@id\":\"https:\\\/\\\/www.yss.com.tr\\\/#\\\/schema\\\/logo\\\/image\\\/\",\"url\":\"https:\\\/\\\/www.yss.com.tr\\\/wp-content\\\/uploads\\\/2023\\\/05\\\/yss-logo.svg\",\"contentUrl\":\"https:\\\/\\\/www.yss.com.tr\\\/wp-content\\\/uploads\\\/2023\\\/05\\\/yss-logo.svg\",\"caption\":\"YSS TRAKT\u00d6R OTO KOLTUK S\u0130STEMLER\u0130 SAN. VE T\u0130C. A.\u015e.\"},\"image\":{\"@id\":\"https:\\\/\\\/www.yss.com.tr\\\/#\\\/schema\\\/logo\\\/image\\\/\"},\"sameAs\":[\"https:\\\/\\\/www.facebook.com\\\/YSSKoltukSistemleri\",\"https:\\\/\\\/www.instagram.com\\\/yssseating\\\/\"]}]}<\/script>\n<!-- \/ Yoast SEO plugin. -->","yoast_head_json":{"title":"F 210-1 D\u00fcz Arkal\u0131kl\u0131 \u0130leri-Geri K\u0131zak Ayarl\u0131 Forklift Koltu\u011fu - YSS TRAKT\u00d6R OTO KOLTUK S\u0130STEMLER\u0130 SAN. VE T\u0130C. A.\u015e.","robots":{"index":"index","follow":"follow","max-snippet":"max-snippet:-1","max-image-preview":"max-image-preview:large","max-video-preview":"max-video-preview:-1"},"canonical":"https:\/\/www.yss.com.tr\/en\/urun\/f-210-1\/","og_locale":"en_US","og_type":"article","og_title":"F 210-1 D\u00fcz Arkal\u0131kl\u0131 \u0130leri-Geri K\u0131zak Ayarl\u0131 Forklift Koltu\u011fu - YSS TRAKT\u00d6R OTO KOLTUK S\u0130STEMLER\u0130 SAN. VE T\u0130C. A.\u015e.","og_description":"STANDART \u00d6ZELL\u0130KLER   \u0130leri geri k\u0131zak ayar\u0131 150 mm (6\")  D\u00f6\u015feme \u00fczeri su ve hava tahliye kanal\u0131  Forklift i\u00e7in k\u0131zakl\u0131 ve mekanizmas\u0131z genel ama\u00e7l\u0131 (\u00fcniversal taban).  D\u00f6\u015feme geni\u015fli\u011fi 485 mm.  OPS\u0130YONEL \u00d6ZELL\u0130KLER   Ayarlanabilir kol\u00e7ak  Emniyet kemeri (otomatik statik)  Emniyet anahtar\u0131  Kuma\u015f kaplama  Is\u0131tma \u00fcnitesi  STANDART \u00d6ZELL\u0130KLER   \u0130leri geri k\u0131zak ayar\u0131 150 mm (6\")  D\u00f6\u015feme \u00fczeri su ve hava tahliye kanal\u0131  Forklift i\u00e7in k\u0131zakl\u0131 ve mekanizmas\u0131z genel ama\u00e7l\u0131 (\u00fcniversal taban).  D\u00f6\u015feme geni\u015fli\u011fi 485 mm.  OPS\u0130YONEL \u00d6ZELL\u0130KLER   Ayarlanabilir kol\u00e7ak  Emniyet kemeri (otomatik statik)  Emniyet anahtar\u0131  Kuma\u015f kaplama  Is\u0131tma \u00fcnitesi","og_url":"https:\/\/www.yss.com.tr\/en\/urun\/f-210-1\/","og_site_name":"YSS TRAKT\u00d6R OTO KOLTUK S\u0130STEMLER\u0130 SAN. VE T\u0130C. A.\u015e.","article_publisher":"https:\/\/www.facebook.com\/YSSKoltukSistemleri","article_modified_time":"2024-12-13T12:23:59+00:00","og_image":[{"width":1200,"height":1200,"url":"https:\/\/www.yss.com.tr\/wp-content\/uploads\/2023\/05\/F-201-1-2.png","type":"image\/png"}],"twitter_card":"summary_large_image","twitter_misc":{"Est. reading time":"1 minute"},"schema":{"@context":"https:\/\/schema.org","@graph":[{"@type":"WebPage","@id":"https:\/\/www.yss.com.tr\/urun\/f-210-1\/","url":"https:\/\/www.yss.com.tr\/urun\/f-210-1\/","name":"F 210-1 D\u00fcz Arkal\u0131kl\u0131 \u0130leri-Geri K\u0131zak Ayarl\u0131 Forklift Koltu\u011fu - YSS TRAKT\u00d6R OTO KOLTUK S\u0130STEMLER\u0130 SAN. VE T\u0130C. A.\u015e.","isPartOf":{"@id":"https:\/\/www.yss.com.tr\/#website"},"primaryImageOfPage":{"@id":"https:\/\/www.yss.com.tr\/urun\/f-210-1\/#primaryimage"},"image":{"@id":"https:\/\/www.yss.com.tr\/urun\/f-210-1\/#primaryimage"},"thumbnailUrl":"https:\/\/www.yss.com.tr\/wp-content\/uploads\/2023\/05\/F-201-1-2.png","datePublished":"2024-12-12T17:02:05+00:00","dateModified":"2024-12-13T12:23:59+00:00","breadcrumb":{"@id":"https:\/\/www.yss.com.tr\/urun\/f-210-1\/#breadcrumb"},"inLanguage":"en-US","potentialAction":[{"@type":"ReadAction","target":["https:\/\/www.yss.com.tr\/urun\/f-210-1\/"]}]},{"@type":"ImageObject","inLanguage":"en-US","@id":"https:\/\/www.yss.com.tr\/urun\/f-210-1\/#primaryimage","url":"https:\/\/www.yss.com.tr\/wp-content\/uploads\/2023\/05\/F-201-1-2.png","contentUrl":"https:\/\/www.yss.com.tr\/wp-content\/uploads\/2023\/05\/F-201-1-2.png","width":1200,"height":1200},{"@type":"BreadcrumbList","@id":"https:\/\/www.yss.com.tr\/urun\/f-210-1\/#breadcrumb","itemListElement":[{"@type":"ListItem","position":1,"name":"Anasayfa","item":"https:\/\/www.yss.com.tr\/en\/"},{"@type":"ListItem","position":2,"name":"\u00dcr\u00fcnler","item":"https:\/\/www.yss.com.tr\/urunler\/"},{"@type":"ListItem","position":3,"name":"F 210-1 D\u00fcz Arkal\u0131kl\u0131 \u0130leri-Geri K\u0131zak Ayarl\u0131 Forklift Koltu\u011fu"}]},{"@type":"WebSite","@id":"https:\/\/www.yss.com.tr\/#website","url":"https:\/\/www.yss.com.tr\/","name":"YSS TRAKT\u00d6R OTO KOLTUK S\u0130STEMLER\u0130 SAN. VE T\u0130C. A.\u015e.","description":"1978 y\u0131l\u0131ndan bu g\u00fcne faaliyette olan firmam\u0131z; trakt\u00f6r, forklift, i\u015f makinalar\u0131 ve tar\u0131msal ekipmanlara mekanik ve hava s\u00fcspansiyonlu s\u00fcr\u00fcc\u00fc koltuklar\u0131 ve kabin i\u00e7i poli\u00fcretan par\u00e7alar \u00fcretmektedir.","publisher":{"@id":"https:\/\/www.yss.com.tr\/#organization"},"potentialAction":[{"@type":"SearchAction","target":{"@type":"EntryPoint","urlTemplate":"https:\/\/www.yss.com.tr\/?s={search_term_string}"},"query-input":{"@type":"PropertyValueSpecification","valueRequired":true,"valueName":"search_term_string"}}],"inLanguage":"en-US"},{"@type":"Organization","@id":"https:\/\/www.yss.com.tr\/#organization","name":"YSS TRAKT\u00d6R OTO KOLTUK S\u0130STEMLER\u0130 SAN. VE T\u0130C. A.\u015e.","url":"https:\/\/www.yss.com.tr\/","logo":{"@type":"ImageObject","inLanguage":"en-US","@id":"https:\/\/www.yss.com.tr\/#\/schema\/logo\/image\/","url":"https:\/\/www.yss.com.tr\/wp-content\/uploads\/2023\/05\/yss-logo.svg","contentUrl":"https:\/\/www.yss.com.tr\/wp-content\/uploads\/2023\/05\/yss-logo.svg","caption":"YSS TRAKT\u00d6R OTO KOLTUK S\u0130STEMLER\u0130 SAN. VE T\u0130C. A.\u015e."},"image":{"@id":"https:\/\/www.yss.com.tr\/#\/schema\/logo\/image\/"},"sameAs":["https:\/\/www.facebook.com\/YSSKoltukSistemleri","https:\/\/www.instagram.com\/yssseating\/"]}]}},"_links":{"self":[{"href":"https:\/\/www.yss.com.tr\/en\/wp-json\/wp\/v2\/product\/11573","targetHints":{"allow":["GET"]}}],"collection":[{"href":"https:\/\/www.yss.com.tr\/en\/wp-json\/wp\/v2\/product"}],"about":[{"href":"https:\/\/www.yss.com.tr\/en\/wp-json\/wp\/v2\/types\/product"}],"replies":[{"embeddable":true,"href":"https:\/\/www.yss.com.tr\/en\/wp-json\/wp\/v2\/comments?post=11573"}],"wp:featuredmedia":[{"embeddable":true,"href":"https:\/\/www.yss.com.tr\/en\/wp-json\/wp\/v2\/media\/11690"}],"wp:attachment":[{"href":"https:\/\/www.yss.com.tr\/en\/wp-json\/wp\/v2\/media?parent=11573"}],"wp:term":[{"taxonomy":"product_brand","embeddable":true,"href":"https:\/\/www.yss.com.tr\/en\/wp-json\/wp\/v2\/product_brand?post=11573"},{"taxonomy":"product_cat","embeddable":true,"href":"https:\/\/www.yss.com.tr\/en\/wp-json\/wp\/v2\/product_cat?post=11573"},{"taxonomy":"product_tag","embeddable":true,"href":"https:\/\/www.yss.com.tr\/en\/wp-json\/wp\/v2\/product_tag?post=11573"}],"curies":[{"name":"wp","href":"https:\/\/api.w.org\/{rel}","templated":true}]}}