{"id":11548,"date":"2024-12-12T20:02:04","date_gmt":"2024-12-12T17:02:04","guid":{"rendered":"https:\/\/www.yss.com.tr\/?post_type=product&#038;p=11548"},"modified":"2024-12-13T15:46:53","modified_gmt":"2024-12-13T12:46:53","slug":"scs-710-arh","status":"publish","type":"product","link":"https:\/\/www.yss.com.tr\/en\/urun\/scs-710-arh\/","title":{"rendered":"SCS 710 ARH"},"content":{"rendered":"","protected":false},"excerpt":{"rendered":"<p><strong>STANDART \u00d6ZELL\u0130KLER<\/strong><\/p>\n<ul id=\"properties\" class=\"properties\">\n<li>Mekanik s\u00fcspansiyon (pantograph tipi)<\/li>\n<li>Dikey y\u00fckseklik ayar\u0131 100 mm (4&#8243;)<\/li>\n<li>\u0130leri geri k\u0131zak ayar\u0131 150 mm (6&#8243;)<\/li>\n<li>S\u00fcr\u00fcc\u00fc a\u011f\u0131rl\u0131k ayar\u0131 50-120 kg. (110-264 lb)<\/li>\n<li>D\u00f6\u015feme \u00fczeri su ve hava tahliye kanal\u0131<\/li>\n<li>\u00dcniversal ba\u011flant\u0131 taban\u0131<\/li>\n<li>D\u00f6\u015feme geni\u015fli\u011fi 451 mm.<\/li>\n<li>S\u00fcr\u00fcc\u00fc y\u00fckseklik ayar\u0131 70 mm<\/li>\n<li>S\u00fcspansiyon kapa\u011f\u0131<\/li>\n<li>Ba\u015fl\u0131k ve kol\u00e7akl\u0131<\/li>\n<\/ul>\n<p><strong> OPS\u0130YONEL \u00d6ZELL\u0130KLER<\/strong><\/p>\n<ul id=\"optional\" class=\"optional\">\n<li>Emniyet kemeri (otomatik yada statik)<\/li>\n<li>Kuma\u015f kaplama<\/li>\n<li>Emniyet anahtar\u0131<\/li>\n<li>D\u00f6ner mekanizma<\/li>\n<\/ul>\n<p><a href=\"https:\/\/www.yss.com.tr\/wp-content\/uploads\/2023\/05\/yazar-tasit-koltuklari-renk-secenegi.jpg\"><img loading=\"lazy\" decoding=\"async\" class=\"alignnone size-full wp-image-11509\" src=\"https:\/\/www.yss.com.tr\/wp-content\/uploads\/2023\/05\/yazar-tasit-koltuklari-renk-secenegi.jpg\" alt=\"\" width=\"259\" height=\"104\" \/><\/a><\/p>\n","protected":false},"featured_media":11681,"comment_status":"closed","ping_status":"closed","template":"","meta":{"_acf_changed":false},"product_brand":[],"product_cat":[86],"product_tag":[],"class_list":{"0":"post-11548","1":"product","2":"type-product","3":"status-publish","4":"has-post-thumbnail","6":"product_cat-tum-urunler","9":"instock","10":"taxable","11":"shipping-taxable","12":"product-type-simple"},"acf":[],"yoast_head":"<!-- This site is optimized with the Yoast SEO plugin v27.4 - https:\/\/yoast.com\/product\/yoast-seo-wordpress\/ -->\n<title>SCS 710 ARH - YSS TRAKT\u00d6R OTO KOLTUK S\u0130STEMLER\u0130 SAN. VE T\u0130C. A.\u015e.<\/title>\n<meta name=\"robots\" content=\"index, follow, max-snippet:-1, max-image-preview:large, max-video-preview:-1\" \/>\n<link rel=\"canonical\" href=\"https:\/\/www.yss.com.tr\/en\/urun\/scs-710-arh\/\" \/>\n<meta property=\"og:locale\" content=\"en_US\" \/>\n<meta property=\"og:locale:alternate\" content=\"tr\" \/>\n<meta property=\"og:type\" content=\"article\" \/>\n<meta property=\"og:title\" content=\"SCS 710 ARH - YSS TRAKT\u00d6R OTO KOLTUK S\u0130STEMLER\u0130 SAN. VE T\u0130C. A.\u015e.\" \/>\n<meta property=\"og:description\" content=\"STANDART \u00d6ZELL\u0130KLER   Mekanik s\u00fcspansiyon (pantograph tipi)  Dikey y\u00fckseklik ayar\u0131 100 mm (4&quot;)  \u0130leri geri k\u0131zak ayar\u0131 150 mm (6&quot;)  S\u00fcr\u00fcc\u00fc a\u011f\u0131rl\u0131k ayar\u0131 50-120 kg. (110-264 lb)  D\u00f6\u015feme \u00fczeri su ve hava tahliye kanal\u0131  \u00dcniversal ba\u011flant\u0131 taban\u0131  D\u00f6\u015feme geni\u015fli\u011fi 451 mm.  S\u00fcr\u00fcc\u00fc y\u00fckseklik ayar\u0131 70 mm  S\u00fcspansiyon kapa\u011f\u0131  Ba\u015fl\u0131k ve kol\u00e7akl\u0131   OPS\u0130YONEL \u00d6ZELL\u0130KLER   Emniyet kemeri (otomatik yada statik)  Kuma\u015f kaplama  Emniyet anahtar\u0131  D\u00f6ner mekanizma\" \/>\n<meta property=\"og:url\" content=\"https:\/\/www.yss.com.tr\/en\/urun\/scs-710-arh\/\" \/>\n<meta property=\"og:site_name\" content=\"YSS TRAKT\u00d6R OTO KOLTUK S\u0130STEMLER\u0130 SAN. VE T\u0130C. A.\u015e.\" \/>\n<meta property=\"article:publisher\" content=\"https:\/\/www.facebook.com\/YSSKoltukSistemleri\" \/>\n<meta property=\"article:modified_time\" content=\"2024-12-13T12:46:53+00:00\" \/>\n<meta property=\"og:image\" content=\"https:\/\/www.yss.com.tr\/wp-content\/uploads\/2023\/05\/SCS-710-ARH-1.png\" \/>\n\t<meta property=\"og:image:width\" content=\"1200\" \/>\n\t<meta property=\"og:image:height\" content=\"1200\" \/>\n\t<meta property=\"og:image:type\" content=\"image\/png\" \/>\n<meta name=\"twitter:card\" content=\"summary_large_image\" \/>\n<meta name=\"twitter:label1\" content=\"Est. reading time\" \/>\n\t<meta name=\"twitter:data1\" content=\"1 minute\" \/>\n<script type=\"application\/ld+json\" class=\"yoast-schema-graph\">{\"@context\":\"https:\\\/\\\/schema.org\",\"@graph\":[{\"@type\":\"WebPage\",\"@id\":\"https:\\\/\\\/www.yss.com.tr\\\/urun\\\/scs-710-arh\\\/\",\"url\":\"https:\\\/\\\/www.yss.com.tr\\\/urun\\\/scs-710-arh\\\/\",\"name\":\"SCS 710 ARH - YSS TRAKT\u00d6R OTO KOLTUK S\u0130STEMLER\u0130 SAN. VE T\u0130C. A.\u015e.\",\"isPartOf\":{\"@id\":\"https:\\\/\\\/www.yss.com.tr\\\/#website\"},\"primaryImageOfPage\":{\"@id\":\"https:\\\/\\\/www.yss.com.tr\\\/urun\\\/scs-710-arh\\\/#primaryimage\"},\"image\":{\"@id\":\"https:\\\/\\\/www.yss.com.tr\\\/urun\\\/scs-710-arh\\\/#primaryimage\"},\"thumbnailUrl\":\"https:\\\/\\\/www.yss.com.tr\\\/wp-content\\\/uploads\\\/2023\\\/05\\\/SCS-710-ARH-1.png\",\"datePublished\":\"2024-12-12T17:02:04+00:00\",\"dateModified\":\"2024-12-13T12:46:53+00:00\",\"breadcrumb\":{\"@id\":\"https:\\\/\\\/www.yss.com.tr\\\/urun\\\/scs-710-arh\\\/#breadcrumb\"},\"inLanguage\":\"en-US\",\"potentialAction\":[{\"@type\":\"ReadAction\",\"target\":[\"https:\\\/\\\/www.yss.com.tr\\\/urun\\\/scs-710-arh\\\/\"]}]},{\"@type\":\"ImageObject\",\"inLanguage\":\"en-US\",\"@id\":\"https:\\\/\\\/www.yss.com.tr\\\/urun\\\/scs-710-arh\\\/#primaryimage\",\"url\":\"https:\\\/\\\/www.yss.com.tr\\\/wp-content\\\/uploads\\\/2023\\\/05\\\/SCS-710-ARH-1.png\",\"contentUrl\":\"https:\\\/\\\/www.yss.com.tr\\\/wp-content\\\/uploads\\\/2023\\\/05\\\/SCS-710-ARH-1.png\",\"width\":1200,\"height\":1200},{\"@type\":\"BreadcrumbList\",\"@id\":\"https:\\\/\\\/www.yss.com.tr\\\/urun\\\/scs-710-arh\\\/#breadcrumb\",\"itemListElement\":[{\"@type\":\"ListItem\",\"position\":1,\"name\":\"Anasayfa\",\"item\":\"https:\\\/\\\/www.yss.com.tr\\\/en\\\/\"},{\"@type\":\"ListItem\",\"position\":2,\"name\":\"\u00dcr\u00fcnler\",\"item\":\"https:\\\/\\\/www.yss.com.tr\\\/urunler\\\/\"},{\"@type\":\"ListItem\",\"position\":3,\"name\":\"SCS 710 ARH\"}]},{\"@type\":\"WebSite\",\"@id\":\"https:\\\/\\\/www.yss.com.tr\\\/#website\",\"url\":\"https:\\\/\\\/www.yss.com.tr\\\/\",\"name\":\"YSS TRAKT\u00d6R OTO KOLTUK S\u0130STEMLER\u0130 SAN. VE T\u0130C. A.\u015e.\",\"description\":\"1978 y\u0131l\u0131ndan bu g\u00fcne faaliyette olan firmam\u0131z; trakt\u00f6r, forklift, i\u015f makinalar\u0131 ve tar\u0131msal ekipmanlara mekanik ve hava s\u00fcspansiyonlu s\u00fcr\u00fcc\u00fc koltuklar\u0131 ve kabin i\u00e7i poli\u00fcretan par\u00e7alar \u00fcretmektedir.\",\"publisher\":{\"@id\":\"https:\\\/\\\/www.yss.com.tr\\\/#organization\"},\"potentialAction\":[{\"@type\":\"SearchAction\",\"target\":{\"@type\":\"EntryPoint\",\"urlTemplate\":\"https:\\\/\\\/www.yss.com.tr\\\/?s={search_term_string}\"},\"query-input\":{\"@type\":\"PropertyValueSpecification\",\"valueRequired\":true,\"valueName\":\"search_term_string\"}}],\"inLanguage\":\"en-US\"},{\"@type\":\"Organization\",\"@id\":\"https:\\\/\\\/www.yss.com.tr\\\/#organization\",\"name\":\"YSS TRAKT\u00d6R OTO KOLTUK S\u0130STEMLER\u0130 SAN. VE T\u0130C. A.\u015e.\",\"url\":\"https:\\\/\\\/www.yss.com.tr\\\/\",\"logo\":{\"@type\":\"ImageObject\",\"inLanguage\":\"en-US\",\"@id\":\"https:\\\/\\\/www.yss.com.tr\\\/#\\\/schema\\\/logo\\\/image\\\/\",\"url\":\"https:\\\/\\\/www.yss.com.tr\\\/wp-content\\\/uploads\\\/2023\\\/05\\\/yss-logo.svg\",\"contentUrl\":\"https:\\\/\\\/www.yss.com.tr\\\/wp-content\\\/uploads\\\/2023\\\/05\\\/yss-logo.svg\",\"caption\":\"YSS TRAKT\u00d6R OTO KOLTUK S\u0130STEMLER\u0130 SAN. VE T\u0130C. A.\u015e.\"},\"image\":{\"@id\":\"https:\\\/\\\/www.yss.com.tr\\\/#\\\/schema\\\/logo\\\/image\\\/\"},\"sameAs\":[\"https:\\\/\\\/www.facebook.com\\\/YSSKoltukSistemleri\",\"https:\\\/\\\/www.instagram.com\\\/yssseating\\\/\"]}]}<\/script>\n<!-- \/ Yoast SEO plugin. -->","yoast_head_json":{"title":"SCS 710 ARH - YSS TRAKT\u00d6R OTO KOLTUK S\u0130STEMLER\u0130 SAN. VE T\u0130C. A.\u015e.","robots":{"index":"index","follow":"follow","max-snippet":"max-snippet:-1","max-image-preview":"max-image-preview:large","max-video-preview":"max-video-preview:-1"},"canonical":"https:\/\/www.yss.com.tr\/en\/urun\/scs-710-arh\/","og_locale":"en_US","og_type":"article","og_title":"SCS 710 ARH - YSS TRAKT\u00d6R OTO KOLTUK S\u0130STEMLER\u0130 SAN. VE T\u0130C. A.\u015e.","og_description":"STANDART \u00d6ZELL\u0130KLER   Mekanik s\u00fcspansiyon (pantograph tipi)  Dikey y\u00fckseklik ayar\u0131 100 mm (4\")  \u0130leri geri k\u0131zak ayar\u0131 150 mm (6\")  S\u00fcr\u00fcc\u00fc a\u011f\u0131rl\u0131k ayar\u0131 50-120 kg. (110-264 lb)  D\u00f6\u015feme \u00fczeri su ve hava tahliye kanal\u0131  \u00dcniversal ba\u011flant\u0131 taban\u0131  D\u00f6\u015feme geni\u015fli\u011fi 451 mm.  S\u00fcr\u00fcc\u00fc y\u00fckseklik ayar\u0131 70 mm  S\u00fcspansiyon kapa\u011f\u0131  Ba\u015fl\u0131k ve kol\u00e7akl\u0131   OPS\u0130YONEL \u00d6ZELL\u0130KLER   Emniyet kemeri (otomatik yada statik)  Kuma\u015f kaplama  Emniyet anahtar\u0131  D\u00f6ner mekanizma","og_url":"https:\/\/www.yss.com.tr\/en\/urun\/scs-710-arh\/","og_site_name":"YSS TRAKT\u00d6R OTO KOLTUK S\u0130STEMLER\u0130 SAN. VE T\u0130C. A.\u015e.","article_publisher":"https:\/\/www.facebook.com\/YSSKoltukSistemleri","article_modified_time":"2024-12-13T12:46:53+00:00","og_image":[{"width":1200,"height":1200,"url":"https:\/\/www.yss.com.tr\/wp-content\/uploads\/2023\/05\/SCS-710-ARH-1.png","type":"image\/png"}],"twitter_card":"summary_large_image","twitter_misc":{"Est. reading time":"1 minute"},"schema":{"@context":"https:\/\/schema.org","@graph":[{"@type":"WebPage","@id":"https:\/\/www.yss.com.tr\/urun\/scs-710-arh\/","url":"https:\/\/www.yss.com.tr\/urun\/scs-710-arh\/","name":"SCS 710 ARH - YSS TRAKT\u00d6R OTO KOLTUK S\u0130STEMLER\u0130 SAN. VE T\u0130C. A.\u015e.","isPartOf":{"@id":"https:\/\/www.yss.com.tr\/#website"},"primaryImageOfPage":{"@id":"https:\/\/www.yss.com.tr\/urun\/scs-710-arh\/#primaryimage"},"image":{"@id":"https:\/\/www.yss.com.tr\/urun\/scs-710-arh\/#primaryimage"},"thumbnailUrl":"https:\/\/www.yss.com.tr\/wp-content\/uploads\/2023\/05\/SCS-710-ARH-1.png","datePublished":"2024-12-12T17:02:04+00:00","dateModified":"2024-12-13T12:46:53+00:00","breadcrumb":{"@id":"https:\/\/www.yss.com.tr\/urun\/scs-710-arh\/#breadcrumb"},"inLanguage":"en-US","potentialAction":[{"@type":"ReadAction","target":["https:\/\/www.yss.com.tr\/urun\/scs-710-arh\/"]}]},{"@type":"ImageObject","inLanguage":"en-US","@id":"https:\/\/www.yss.com.tr\/urun\/scs-710-arh\/#primaryimage","url":"https:\/\/www.yss.com.tr\/wp-content\/uploads\/2023\/05\/SCS-710-ARH-1.png","contentUrl":"https:\/\/www.yss.com.tr\/wp-content\/uploads\/2023\/05\/SCS-710-ARH-1.png","width":1200,"height":1200},{"@type":"BreadcrumbList","@id":"https:\/\/www.yss.com.tr\/urun\/scs-710-arh\/#breadcrumb","itemListElement":[{"@type":"ListItem","position":1,"name":"Anasayfa","item":"https:\/\/www.yss.com.tr\/en\/"},{"@type":"ListItem","position":2,"name":"\u00dcr\u00fcnler","item":"https:\/\/www.yss.com.tr\/urunler\/"},{"@type":"ListItem","position":3,"name":"SCS 710 ARH"}]},{"@type":"WebSite","@id":"https:\/\/www.yss.com.tr\/#website","url":"https:\/\/www.yss.com.tr\/","name":"YSS TRAKT\u00d6R OTO KOLTUK S\u0130STEMLER\u0130 SAN. VE T\u0130C. A.\u015e.","description":"1978 y\u0131l\u0131ndan bu g\u00fcne faaliyette olan firmam\u0131z; trakt\u00f6r, forklift, i\u015f makinalar\u0131 ve tar\u0131msal ekipmanlara mekanik ve hava s\u00fcspansiyonlu s\u00fcr\u00fcc\u00fc koltuklar\u0131 ve kabin i\u00e7i poli\u00fcretan par\u00e7alar \u00fcretmektedir.","publisher":{"@id":"https:\/\/www.yss.com.tr\/#organization"},"potentialAction":[{"@type":"SearchAction","target":{"@type":"EntryPoint","urlTemplate":"https:\/\/www.yss.com.tr\/?s={search_term_string}"},"query-input":{"@type":"PropertyValueSpecification","valueRequired":true,"valueName":"search_term_string"}}],"inLanguage":"en-US"},{"@type":"Organization","@id":"https:\/\/www.yss.com.tr\/#organization","name":"YSS TRAKT\u00d6R OTO KOLTUK S\u0130STEMLER\u0130 SAN. VE T\u0130C. A.\u015e.","url":"https:\/\/www.yss.com.tr\/","logo":{"@type":"ImageObject","inLanguage":"en-US","@id":"https:\/\/www.yss.com.tr\/#\/schema\/logo\/image\/","url":"https:\/\/www.yss.com.tr\/wp-content\/uploads\/2023\/05\/yss-logo.svg","contentUrl":"https:\/\/www.yss.com.tr\/wp-content\/uploads\/2023\/05\/yss-logo.svg","caption":"YSS TRAKT\u00d6R OTO KOLTUK S\u0130STEMLER\u0130 SAN. VE T\u0130C. A.\u015e."},"image":{"@id":"https:\/\/www.yss.com.tr\/#\/schema\/logo\/image\/"},"sameAs":["https:\/\/www.facebook.com\/YSSKoltukSistemleri","https:\/\/www.instagram.com\/yssseating\/"]}]}},"_links":{"self":[{"href":"https:\/\/www.yss.com.tr\/en\/wp-json\/wp\/v2\/product\/11548","targetHints":{"allow":["GET"]}}],"collection":[{"href":"https:\/\/www.yss.com.tr\/en\/wp-json\/wp\/v2\/product"}],"about":[{"href":"https:\/\/www.yss.com.tr\/en\/wp-json\/wp\/v2\/types\/product"}],"replies":[{"embeddable":true,"href":"https:\/\/www.yss.com.tr\/en\/wp-json\/wp\/v2\/comments?post=11548"}],"wp:featuredmedia":[{"embeddable":true,"href":"https:\/\/www.yss.com.tr\/en\/wp-json\/wp\/v2\/media\/11681"}],"wp:attachment":[{"href":"https:\/\/www.yss.com.tr\/en\/wp-json\/wp\/v2\/media?parent=11548"}],"wp:term":[{"taxonomy":"product_brand","embeddable":true,"href":"https:\/\/www.yss.com.tr\/en\/wp-json\/wp\/v2\/product_brand?post=11548"},{"taxonomy":"product_cat","embeddable":true,"href":"https:\/\/www.yss.com.tr\/en\/wp-json\/wp\/v2\/product_cat?post=11548"},{"taxonomy":"product_tag","embeddable":true,"href":"https:\/\/www.yss.com.tr\/en\/wp-json\/wp\/v2\/product_tag?post=11548"}],"curies":[{"name":"wp","href":"https:\/\/api.w.org\/{rel}","templated":true}]}}