{"id":11846,"date":"2024-11-22T12:04:28","date_gmt":"2024-11-22T09:04:28","guid":{"rendered":"https:\/\/www.yss.com.tr\/?page_id=11846"},"modified":"2024-11-22T12:04:28","modified_gmt":"2024-11-22T09:04:28","slug":"mesafeli-satis-sozlesmesi","status":"publish","type":"page","link":"https:\/\/www.yss.com.tr\/en\/mesafeli-satis-sozlesmesi\/","title":{"rendered":"Mesafeli sat\u0131\u015f s\u00f6zle\u015fmesi"},"content":{"rendered":"<p><strong>Mesafeli Sat\u0131\u015f S\u00f6zle\u015fmesi<\/strong><\/p>\n<p><strong>MADDE 1- TARAFLAR<\/strong><\/p>\n<p><strong>1.1. SATICI:<\/strong><\/p>\n<p>Unvan\u00a0\u00a0 \u00a0:\u00a0<strong>YSS TRAKT\u00d6R OTO KOLTUK S\u0130STEMLER\u0130 SAN. VE T\u0130C. A.\u015e.<\/strong><br \/>\nAdres\u00a0\u00a0\u00a0\u00a0\u00a0: Kozluk Mah. Ada Sanayi Cad. No:15\/1 Erenler\/Sakarya 54200<br \/>\nTelefon\u00a0\u00a0: 0264 353 44 42-43<\/p>\n<p>Faks\u00a0\u00a0\u00a0\u00a0\u00a0\u00a0\u00a0: 0264 353 44 44<br \/>\nE-mail\u00a0\u00a0\u00a0\u00a0:\u00a0<strong>info@yss.com.tr<\/strong><\/p>\n<p><strong>1.2- ALICI:<\/strong><br \/>\nM\u00fc\u015fteri olarak\u00a0<a href=\"http:\/\/www.yss.com.trs\">www.yss.com.tr<\/a>\u00a0al\u0131\u015fveri\u015f sitesine \u00fcye olan ki\u015fi ve h\u0131zl\u0131 \u00fcye olmadan al\u0131\u015fveri\u015f se\u00e7ene\u011fini kullanarak verilen, Adres bilgileri ve ileti\u015fim bilgisi esas al\u0131n\u0131r.<\/p>\n<p><strong>MADDE 2- KONU<\/strong><br \/>\n\u0130\u015fbu s\u00f6zle\u015fmenin konusu, ALICI&#8217; n\u0131n SATICI\u2019 ya ait\u00a0\u201c<strong>www.yss.com.tr\u201d<\/strong>\u00a0internet sitesinden elektronik ortamda sipari\u015fini yapt\u0131\u011f\u0131 a\u015fa\u011f\u0131da nitelikleri ve sat\u0131\u015f fiyat\u0131 belirtilen \u00fcr\u00fcn\u00fcn sat\u0131\u015f\u0131 ve teslimi ile ilgili olarak 4077 say\u0131l\u0131 T\u00fcketicilerin Korunmas\u0131 Hakk\u0131ndaki Kanun ve Mesafeli S\u00f6zle\u015fmeleri Uygulama Esas ve Usulleri Hakk\u0131nda Y\u00f6netmelik h\u00fck\u00fcmleri gere\u011fince taraflar\u0131n hak ve y\u00fck\u00fcml\u00fcl\u00fcklerinin saptanmas\u0131d\u0131r.<\/p>\n<p><strong>MADDE 3- S\u00d6ZLE\u015eME KONUSU \u00dcR\u00dcN<\/strong><br \/>\n3.1- \u00dcr\u00fcnlerin Cinsi ve t\u00fcr\u00fc, Miktar\u0131, Marka\/Modeli, Rengi, Vergiler Dahil Sat\u0131\u015f Bedeli (adet x birim fiyat olarak) a\u015fa\u011f\u0131da belirtildi\u011fi gibidir.<\/p>\n<table width=\"0\">\n<tbody>\n<tr>\n<td width=\"151\"><strong>A\u00e7\u0131klama<\/strong><\/td>\n<td width=\"57\"><strong>Adet<\/strong><\/td>\n<td width=\"255\"><strong>Pe\u015fin Sat\u0131\u015f Bedeli (KDV dahil toplam)<\/strong><\/td>\n<td width=\"179\"><strong>(KDV dahil toplam)<\/strong><\/td>\n<\/tr>\n<tr>\n<td width=\"151\">\u00a0\u00dcr\u00fcn Ad\u0131, Opsiyonlar\u0131<\/td>\n<td width=\"57\">1<\/td>\n<td width=\"255\">1 TL<\/td>\n<td width=\"179\">1 TL<\/td>\n<\/tr>\n<\/tbody>\n<\/table>\n<p><strong>3.2- \u00d6deme \u015eekli:<\/strong>\u00a0(A\u015fa\u011f\u0131daki a\u00e7\u0131klamalar\u0131 okuyunuz)<br \/>\n\u2022 Banka Hesab\u0131na havale yap\u0131larak,<\/p>\n<ul>\n<li>Kredi Kart\u0131 Taksit yap\u0131larak,<\/li>\n<\/ul>\n<p><strong>3.3- TESL\u0130M \u015eEKL\u0130 VE ADRES\u0130<\/strong>:<\/p>\n<p>Teslimat Adresi\u00a0 \u00a0 \u00a0 \u00a0\u00a0:\u00a0\u00a0( Kay\u0131t olurken beyan etti\u011finiz adresi )<br \/>\nTeslim Edilecek Ki\u015fi\u00a0\u00a0: \u00a0( Kay\u0131t olurken beyan etti\u011finiz ad\u0131n\u0131z soyad\u0131n\u0131z)<br \/>\nFatura Adresi\u00a0 \u00a0 \u00a0 \u00a0 \u00a0 \u00a0: \u00a0( Kay\u0131t olurken beyan etti\u011finiz fatura adresi)<\/p>\n<p>Teslimat kargo \u015firketi arac\u0131l\u0131\u011f\u0131 ile Al\u0131c\u0131n\u0131n yukar\u0131da belirtilen adresinde elden teslim edilecektir. Teslim an\u0131nda al\u0131c\u0131n\u0131n adresinde bulunmamas\u0131 durumunda dahi SATICI edimini tam ve eksiksiz olarak yerine getirmi\u015f olarak kabul edilecektir. Bu nedenle, al\u0131c\u0131n\u0131n \u00fcr\u00fcn\u00fc ge\u00e7 teslim almas\u0131ndan kaynaklanan her t\u00fcrl\u00fc zarar ile \u00fcr\u00fcn\u00fcn kargo \u015firketinde beklemi\u015f olmas\u0131 ve\/veya kargonun SATICI&#8217; ya geri iade edilmesinden dolay\u0131 da olu\u015fan giderler de ALICI&#8217; ya aittir.<\/p>\n<p><strong>Kargo \u00dccreti\u00a0\u00a0\u00a0\u00a0\u00a0\u00a0: Kargo \u00fccreti \u00fcr\u00fcn bedeline dahildir. Kuzey K\u0131br\u0131s T\u00fcrk Cumhuriyetine g\u00f6nderilen \u00fcr\u00fcnlerde \u00fcr\u00fcn\u00fcn a\u011f\u0131rl\u0131\u011f\u0131na g\u00f6re kargo \u00fccreti belirlenir \u00fcr\u00fcn toplam tutar\u0131na eklenmek suretiyle ALICI taraf\u0131ndan \u00f6denmektedir. Bu nedenle, \u00fcr\u00fcn tesliminde ayr\u0131ca kargo \u00fccreti istenmeyecektir.<\/strong><\/p>\n<p><strong>MADDE 4- GENEL H\u00dcK\u00dcMLER<\/strong><\/p>\n<p>4.1- ALICI,\u00a0<strong>www.yss.com.tr<\/strong> internet sitesinde s\u00f6zle\u015fme konusu \u00fcr\u00fcn\u00fcn temel nitelikleri, sat\u0131\u015f fiyat\u0131 ve \u00f6deme \u015fekli ile teslimata ili\u015fkin \u00f6n bilgileri okuyup bilgi sahibi oldu\u011funu ve elektronik ortamda gerekli teyidi verdi\u011fini beyan eder.<br \/>\n4.2- S\u00f6zle\u015fme konusu \u00fcr\u00fcn, yasal 30 g\u00fcnl\u00fck s\u00fcreyi a\u015fmamak ko\u015fulu ile her bir \u00fcr\u00fcn i\u00e7in ALICI&#8217; n\u0131n yerle\u015fim yerinin uzakl\u0131\u011f\u0131na ba\u011fl\u0131 olarak internet sitesinde \u00f6n bilgiler i\u00e7inde a\u00e7\u0131klanan s\u00fcre i\u00e7inde ALICI veya g\u00f6sterdi\u011fi adresteki ki\u015fi\/kurulu\u015fa teslim edilir.<br \/>\n4.3- S\u00f6zle\u015fme konusu \u00fcr\u00fcn, ALICI&#8217;d an ba\u015fka bir ki\u015fi\/kurulu\u015fa teslim edilecek ise, teslim edilecek ki\u015fi\/kurulu\u015fun teslimat\u0131 kabul etmemesinden SATICI sorumlu tutulamaz.<br \/>\n4.4- SATICI, s\u00f6zle\u015fme konusu \u00fcr\u00fcn\u00fcn sa\u011flam, eksiksiz, sipari\u015fte belirtilen niteliklere uygun ve varsa garanti belgeleri ve kullan\u0131m k\u0131lavuzlar\u0131 ile teslim edilmesinden sorumludur.<br \/>\n4.5- S\u00f6zle\u015fme konusu \u00fcr\u00fcn\u00fcn teslimat\u0131 i\u00e7in i\u015fbu s\u00f6zle\u015fmenin imzal\u0131 n\u00fcshas\u0131n\u0131n SATICI&#8217; ya ula\u015ft\u0131r\u0131lm\u0131\u015f olmas\u0131 ve bedelinin ALICI&#8217; n\u0131n tercih etti\u011fi \u00f6deme \u015fekli ile \u00f6denmi\u015f olmas\u0131 \u015fartt\u0131r. Herhangi bir nedenle \u00fcr\u00fcn bedeli \u00f6denmez veya banka kay\u0131tlar\u0131nda iptal edilir ise, SATICI \u00fcr\u00fcn\u00fcn teslimi y\u00fck\u00fcml\u00fcl\u00fc\u011f\u00fcnden kurtulmu\u015f<br \/>\nkabul edilir.<br \/>\n4.6- \u00dcr\u00fcn\u00fcn tesliminden sonra ALICI&#8217; ya ait kredi kart\u0131n\u0131n ALICI&#8217; n\u0131n kusurundan kaynaklanmayan bir \u015fekilde yetkisiz ki\u015filerce haks\u0131z veya hukuka ayk\u0131r\u0131 olarak kullan\u0131lmas\u0131 nedeni ile ilgili banka veya finans kurulu\u015fun \u00fcr\u00fcn bedelini SATICI&#8217; ya \u00f6dememesi halinde, ALICI&#8217; n\u0131n kendisine teslim edilmi\u015f olmas\u0131 kayd\u0131yla \u00fcr\u00fcn\u00fcn<br \/>\n3 g\u00fcn i\u00e7inde SATICI&#8217; ya g\u00f6nderilmesi zorunludur. Bu takdirde nakliye giderleri ALICI&#8217; ya aittir.<br \/>\n4.7- SATICI m\u00fccbir sebepler veya nakliyeyi engelleyen hava muhalefeti, ula\u015f\u0131m\u0131n kesilmesi gibi ola\u011fan\u00fcst\u00fc durumlar nedeni ile s\u00f6zle\u015fme konusu \u00fcr\u00fcn\u00fc s\u00fcresi i\u00e7inde teslim edemez ise, durumu ALICI&#8217; ya bildirmekle y\u00fck\u00fcml\u00fcd\u00fcr. Bu takdirde ALICI sipari\u015fin iptal edilmesini, s\u00f6zle\u015fme konusu \u00fcr\u00fcn\u00fcn varsa emsali ile de\u011fi\u015ftirilmesini ve\/veya teslimat s\u00fcresinin engelleyici durumun ortadan kalkmas\u0131na kadar ertelenmesi haklar\u0131ndan birini kullanabilir. ALICI&#8217;n\u0131n sipari\u015fi iptal etmesi halinde \u00f6dedi\u011fi tutar 10 g\u00fcn i\u00e7inde kendisine nakten ve defaten \u00f6denir.<br \/>\n4.8- Garanti belgesi ile sat\u0131lan \u00fcr\u00fcnlerden olan veya olmayan \u00fcr\u00fcnlerin ar\u0131zal\u0131 veya bozuk olanlar, garanti \u015fartlar\u0131 i\u00e7inde gerekli onar\u0131m\u0131n yap\u0131lmas\u0131 i\u00e7in SATICI&#8217; ya g\u00f6nderilebilir, bu takdirde kargo giderleri SATICI taraf\u0131ndan kar\u015f\u0131lanacakt\u0131r.<\/p>\n<p>&nbsp;<\/p>\n<p><strong>MADDE 5- CAYMA HAKKI<\/strong><\/p>\n<p>ALICI, s\u00f6zle\u015fme konusu \u00fcr\u00fcn\u00fcn kendisine veya g\u00f6sterdi\u011fi adresteki ki\u015fi\/kurulu\u015fa tesliminden itibaren 14 (ond\u00f6rt) g\u00fcn i\u00e7inde cayma hakk\u0131na sahiptir. Ancak SATICI bu s\u00fcreyi yapaca\u011f\u0131 muhtelif kampanyal\u0131 sat\u0131\u015flarda uzatabilecektir, bu durumda Cayma Hakk\u0131n\u0131 kullanma s\u00fcresi belirtilen g\u00fcn kadard\u0131r. Cayma hakk\u0131n\u0131n kullan\u0131lmas\u0131 i\u00e7in bu s\u00fcre i\u00e7inde SATICI&#8217; ya faks, e-mail veya telefon ile bildirimde bulunulmas\u0131 \u015fartt\u0131r. Bu hakk\u0131n kullan\u0131lmas\u0131 halinde, 3. ki\u015fiye veya ALICI&#8217; ya teslim edilen \u00fcr\u00fcn\u00fcn SATICI&#8217; ya g\u00f6nderildi\u011fine ili\u015fkin kargo teslim tutana\u011f\u0131 \u00f6rne\u011fi ile fatura asl\u0131n\u0131n iadesi zorunludur. Bu belgelerin ula\u015fmas\u0131n\u0131 takip eden 10 g\u00fcn i\u00e7inde \u00fcr\u00fcn bedeli ALICI&#8217; ya iade edilir. Fatura asl\u0131 g\u00f6nderilmez ise KDV ve varsa sair yasal y\u00fck\u00fcml\u00fcl\u00fckler iade edilemez.\u00a0<strong>Cayma hakk\u0131 nedeni ile iade edilen \u00fcr\u00fcn\u00fcn kargo bedeli ALICI taraf\u0131ndan kar\u015f\u0131lan\u0131r.<\/strong>\u00a0T\u00fcketicinin hi\u00e7bir hukuki ve cezai sorumluluk \u00fcstlenmeksizin ve hi\u00e7bir gerek\u00e7e g\u00f6stermeksizin mal\u0131 teslim ald\u0131\u011f\u0131 veya s\u00f6zle\u015fmenin imzaland\u0131\u011f\u0131 tarihten itibaren yedi g\u00fcn i\u00e7erisinde mal\u0131 veya hizmeti reddederek s\u00f6zle\u015fmeden cayma hakk\u0131n\u0131n var oldu\u011funu ve cayma bildiriminin sat\u0131c\u0131 veya sa\u011flay\u0131c\u0131ya ula\u015fmas\u0131 tarihinden itibaren mal\u0131 geri almay\u0131 taahh\u00fct ederiz.<\/p>\n<p><strong>MADDE 6- CAYMA HAKKI KULLANILAMAYACAK \u00dcR\u00dcNLER<\/strong><\/p>\n<p><strong>Cayma hakk\u0131ndan faydalanabilmek i\u00e7in;\u00a0\u00a0<\/strong><\/p>\n<p>* \u0130adenin, sat\u0131n al\u0131nan \u00fcr\u00fcn tahrip edilmeden, bozulmadan teslim tarihinden itibaren 7 g\u00fcnl\u00fck s\u00fcre i\u00e7inde ger\u00e7ekle\u015ftirilmesi gereklidir.<\/p>\n<p>* M\u00fc\u015fteri, \u00fcr\u00fcn\u00fc g\u00f6ndermeden \u00f6nce \u00fcyelik i\u015flemleri linkinden mesaj g\u00f6ndererek iade ba\u015fvurusunda bulunmal\u0131d\u0131r.<\/p>\n<p>* Haktan faydalanmak i\u00e7in, sat\u0131n al\u0131nan \u00fcr\u00fcne herhangi bir zarar gelmemesi ve \u00fcr\u00fcn\u00fcn tekrar sat\u0131labilecek durumda olmas\u0131 gerekir.<\/p>\n<p>* M\u00fc\u015fteri, \u00fcr\u00fcn\u00fc kendisine teslim edildi\u011fi andaki durumu ile geri vermekle ve kullan\u0131m s\u00f6z konusu ise kullanma dolay\u0131s\u0131yla mal\u0131n ticari de\u011ferindeki kayb\u0131 tazminle y\u00fck\u00fcml\u00fcd\u00fcr.<\/p>\n<p>* M\u00fc\u015fterinin \u00f6zel istek ve talepleri uyar\u0131nca \u00fcretilen veya \u00fczerinde de\u011fi\u015fiklik ya da ilaveler yap\u0131larak ki\u015fiye \u00f6zel hale getirilen mallarda cayma hakk\u0131 kullan\u0131lamaz.<\/p>\n<p><strong>MADDE 7- YETK\u0130L\u0130 MAHKEME<\/strong><\/p>\n<p>\u0130\u015fbu s\u00f6zle\u015fmenin uygulanmas\u0131nda, Sanayi ve Ticaret Bakanl\u0131\u011f\u0131nca ilan edilen de\u011fere kadar T\u00fcketici Hakem Heyetleri ile SATICI&#8217; n\u0131n yerle\u015fim yerindeki T\u00fcketici Mahkemeleri yetkilidir.\u00a0Sipari\u015fin ger\u00e7ekle\u015fmesi durumunda ALICI i\u015fbu s\u00f6zle\u015fmenin t\u00fcm ko\u015fullar\u0131n\u0131 kabul etmi\u015f say\u0131l\u0131r<\/p>\n<p>&nbsp;<\/p>\n","protected":false},"excerpt":{"rendered":"<p>Mesafeli Sat\u0131\u015f S\u00f6zle\u015fmesi MADDE 1- TARAFLAR 1.1. SATICI: Unvan\u00a0\u00a0 \u00a0:\u00a0YSS TRAKT\u00d6R OTO KOLTUK S\u0130STEMLER\u0130 SAN. VE T\u0130C. A.\u015e. Adres\u00a0\u00a0\u00a0\u00a0\u00a0: Kozluk Mah. Ada Sanayi Cad. No:15\/1 Erenler\/Sakarya 54200 Telefon\u00a0\u00a0: 0264 353 44 42-43 Faks\u00a0\u00a0\u00a0\u00a0\u00a0\u00a0\u00a0: 0264 353 44 44 E-mail\u00a0\u00a0\u00a0\u00a0:\u00a0info@yss.com.tr 1.2- ALICI: M\u00fc\u015fteri olarak\u00a0www.yss.com.tr\u00a0al\u0131\u015fveri\u015f sitesine \u00fcye olan ki\u015fi ve h\u0131zl\u0131 \u00fcye olmadan al\u0131\u015fveri\u015f se\u00e7ene\u011fini kullanarak verilen, Adres &hellip; <a href=\"https:\/\/www.yss.com.tr\/en\/mesafeli-satis-sozlesmesi\/\" class=\"more-link\">Continue reading <span class=\"screen-reader-text\">Mesafeli sat\u0131\u015f s\u00f6zle\u015fmesi<\/span><\/a><\/p>\n","protected":false},"author":1,"featured_media":0,"parent":0,"menu_order":0,"comment_status":"closed","ping_status":"closed","template":"","meta":{"_acf_changed":false,"footnotes":""},"class_list":["post-11846","page","type-page","status-publish","hentry"],"acf":[],"yoast_head":"<!-- This site is optimized with the Yoast SEO plugin v27.4 - https:\/\/yoast.com\/product\/yoast-seo-wordpress\/ -->\n<title>Mesafeli sat\u0131\u015f s\u00f6zle\u015fmesi - YSS TRAKT\u00d6R OTO KOLTUK S\u0130STEMLER\u0130 SAN. VE T\u0130C. A.\u015e.<\/title>\n<meta name=\"robots\" content=\"index, follow, max-snippet:-1, max-image-preview:large, max-video-preview:-1\" \/>\n<link rel=\"canonical\" href=\"https:\/\/www.yss.com.tr\/en\/mesafeli-satis-sozlesmesi\/\" \/>\n<meta property=\"og:locale\" content=\"en_US\" \/>\n<meta property=\"og:locale:alternate\" content=\"tr\" \/>\n<meta property=\"og:type\" content=\"article\" \/>\n<meta property=\"og:title\" content=\"Mesafeli sat\u0131\u015f s\u00f6zle\u015fmesi - YSS TRAKT\u00d6R OTO KOLTUK S\u0130STEMLER\u0130 SAN. VE T\u0130C. A.\u015e.\" \/>\n<meta property=\"og:description\" content=\"Mesafeli Sat\u0131\u015f S\u00f6zle\u015fmesi MADDE 1- TARAFLAR 1.1. SATICI: Unvan\u00a0\u00a0 \u00a0:\u00a0YSS TRAKT\u00d6R OTO KOLTUK S\u0130STEMLER\u0130 SAN. VE T\u0130C. A.\u015e. Adres\u00a0\u00a0\u00a0\u00a0\u00a0: Kozluk Mah. Ada Sanayi Cad. No:15\/1 Erenler\/Sakarya 54200 Telefon\u00a0\u00a0: 0264 353 44 42-43 Faks\u00a0\u00a0\u00a0\u00a0\u00a0\u00a0\u00a0: 0264 353 44 44 E-mail\u00a0\u00a0\u00a0\u00a0:\u00a0info@yss.com.tr 1.2- ALICI: M\u00fc\u015fteri olarak\u00a0www.yss.com.tr\u00a0al\u0131\u015fveri\u015f sitesine \u00fcye olan ki\u015fi ve h\u0131zl\u0131 \u00fcye olmadan al\u0131\u015fveri\u015f se\u00e7ene\u011fini kullanarak verilen, Adres &hellip; Continue reading Mesafeli sat\u0131\u015f s\u00f6zle\u015fmesi\" \/>\n<meta property=\"og:url\" content=\"https:\/\/www.yss.com.tr\/en\/mesafeli-satis-sozlesmesi\/\" \/>\n<meta property=\"og:site_name\" content=\"YSS TRAKT\u00d6R OTO KOLTUK S\u0130STEMLER\u0130 SAN. VE T\u0130C. A.\u015e.\" \/>\n<meta property=\"article:publisher\" content=\"https:\/\/www.facebook.com\/YSSKoltukSistemleri\" \/>\n<meta name=\"twitter:card\" content=\"summary_large_image\" \/>\n<meta name=\"twitter:label1\" content=\"Est. reading time\" \/>\n\t<meta name=\"twitter:data1\" content=\"6 minutes\" \/>\n<script type=\"application\/ld+json\" class=\"yoast-schema-graph\">{\"@context\":\"https:\\\/\\\/schema.org\",\"@graph\":[{\"@type\":\"WebPage\",\"@id\":\"https:\\\/\\\/www.yss.com.tr\\\/mesafeli-satis-sozlesmesi\\\/\",\"url\":\"https:\\\/\\\/www.yss.com.tr\\\/mesafeli-satis-sozlesmesi\\\/\",\"name\":\"Mesafeli sat\u0131\u015f s\u00f6zle\u015fmesi - YSS TRAKT\u00d6R OTO KOLTUK S\u0130STEMLER\u0130 SAN. VE T\u0130C. A.\u015e.\",\"isPartOf\":{\"@id\":\"https:\\\/\\\/www.yss.com.tr\\\/#website\"},\"datePublished\":\"2024-11-22T09:04:28+00:00\",\"breadcrumb\":{\"@id\":\"https:\\\/\\\/www.yss.com.tr\\\/mesafeli-satis-sozlesmesi\\\/#breadcrumb\"},\"inLanguage\":\"en-US\",\"potentialAction\":[{\"@type\":\"ReadAction\",\"target\":[\"https:\\\/\\\/www.yss.com.tr\\\/mesafeli-satis-sozlesmesi\\\/\"]}]},{\"@type\":\"BreadcrumbList\",\"@id\":\"https:\\\/\\\/www.yss.com.tr\\\/mesafeli-satis-sozlesmesi\\\/#breadcrumb\",\"itemListElement\":[{\"@type\":\"ListItem\",\"position\":1,\"name\":\"Anasayfa\",\"item\":\"https:\\\/\\\/www.yss.com.tr\\\/en\\\/\"},{\"@type\":\"ListItem\",\"position\":2,\"name\":\"Mesafeli sat\u0131\u015f s\u00f6zle\u015fmesi\"}]},{\"@type\":\"WebSite\",\"@id\":\"https:\\\/\\\/www.yss.com.tr\\\/#website\",\"url\":\"https:\\\/\\\/www.yss.com.tr\\\/\",\"name\":\"YSS TRAKT\u00d6R OTO KOLTUK S\u0130STEMLER\u0130 SAN. VE T\u0130C. A.\u015e.\",\"description\":\"1978 y\u0131l\u0131ndan bu g\u00fcne faaliyette olan firmam\u0131z; trakt\u00f6r, forklift, i\u015f makinalar\u0131 ve tar\u0131msal ekipmanlara mekanik ve hava s\u00fcspansiyonlu s\u00fcr\u00fcc\u00fc koltuklar\u0131 ve kabin i\u00e7i poli\u00fcretan par\u00e7alar \u00fcretmektedir.\",\"publisher\":{\"@id\":\"https:\\\/\\\/www.yss.com.tr\\\/#organization\"},\"potentialAction\":[{\"@type\":\"SearchAction\",\"target\":{\"@type\":\"EntryPoint\",\"urlTemplate\":\"https:\\\/\\\/www.yss.com.tr\\\/?s={search_term_string}\"},\"query-input\":{\"@type\":\"PropertyValueSpecification\",\"valueRequired\":true,\"valueName\":\"search_term_string\"}}],\"inLanguage\":\"en-US\"},{\"@type\":\"Organization\",\"@id\":\"https:\\\/\\\/www.yss.com.tr\\\/#organization\",\"name\":\"YSS TRAKT\u00d6R OTO KOLTUK S\u0130STEMLER\u0130 SAN. VE T\u0130C. A.\u015e.\",\"url\":\"https:\\\/\\\/www.yss.com.tr\\\/\",\"logo\":{\"@type\":\"ImageObject\",\"inLanguage\":\"en-US\",\"@id\":\"https:\\\/\\\/www.yss.com.tr\\\/#\\\/schema\\\/logo\\\/image\\\/\",\"url\":\"https:\\\/\\\/www.yss.com.tr\\\/wp-content\\\/uploads\\\/2023\\\/05\\\/yss-logo.svg\",\"contentUrl\":\"https:\\\/\\\/www.yss.com.tr\\\/wp-content\\\/uploads\\\/2023\\\/05\\\/yss-logo.svg\",\"caption\":\"YSS TRAKT\u00d6R OTO KOLTUK S\u0130STEMLER\u0130 SAN. VE T\u0130C. A.\u015e.\"},\"image\":{\"@id\":\"https:\\\/\\\/www.yss.com.tr\\\/#\\\/schema\\\/logo\\\/image\\\/\"},\"sameAs\":[\"https:\\\/\\\/www.facebook.com\\\/YSSKoltukSistemleri\",\"https:\\\/\\\/www.instagram.com\\\/yssseating\\\/\"]}]}<\/script>\n<!-- \/ Yoast SEO plugin. -->","yoast_head_json":{"title":"Mesafeli sat\u0131\u015f s\u00f6zle\u015fmesi - YSS TRAKT\u00d6R OTO KOLTUK S\u0130STEMLER\u0130 SAN. VE T\u0130C. A.\u015e.","robots":{"index":"index","follow":"follow","max-snippet":"max-snippet:-1","max-image-preview":"max-image-preview:large","max-video-preview":"max-video-preview:-1"},"canonical":"https:\/\/www.yss.com.tr\/en\/mesafeli-satis-sozlesmesi\/","og_locale":"en_US","og_type":"article","og_title":"Mesafeli sat\u0131\u015f s\u00f6zle\u015fmesi - YSS TRAKT\u00d6R OTO KOLTUK S\u0130STEMLER\u0130 SAN. VE T\u0130C. A.\u015e.","og_description":"Mesafeli Sat\u0131\u015f S\u00f6zle\u015fmesi MADDE 1- TARAFLAR 1.1. SATICI: Unvan\u00a0\u00a0 \u00a0:\u00a0YSS TRAKT\u00d6R OTO KOLTUK S\u0130STEMLER\u0130 SAN. VE T\u0130C. A.\u015e. Adres\u00a0\u00a0\u00a0\u00a0\u00a0: Kozluk Mah. Ada Sanayi Cad. No:15\/1 Erenler\/Sakarya 54200 Telefon\u00a0\u00a0: 0264 353 44 42-43 Faks\u00a0\u00a0\u00a0\u00a0\u00a0\u00a0\u00a0: 0264 353 44 44 E-mail\u00a0\u00a0\u00a0\u00a0:\u00a0info@yss.com.tr 1.2- ALICI: M\u00fc\u015fteri olarak\u00a0www.yss.com.tr\u00a0al\u0131\u015fveri\u015f sitesine \u00fcye olan ki\u015fi ve h\u0131zl\u0131 \u00fcye olmadan al\u0131\u015fveri\u015f se\u00e7ene\u011fini kullanarak verilen, Adres &hellip; Continue reading Mesafeli sat\u0131\u015f s\u00f6zle\u015fmesi","og_url":"https:\/\/www.yss.com.tr\/en\/mesafeli-satis-sozlesmesi\/","og_site_name":"YSS TRAKT\u00d6R OTO KOLTUK S\u0130STEMLER\u0130 SAN. VE T\u0130C. A.\u015e.","article_publisher":"https:\/\/www.facebook.com\/YSSKoltukSistemleri","twitter_card":"summary_large_image","twitter_misc":{"Est. reading time":"6 minutes"},"schema":{"@context":"https:\/\/schema.org","@graph":[{"@type":"WebPage","@id":"https:\/\/www.yss.com.tr\/mesafeli-satis-sozlesmesi\/","url":"https:\/\/www.yss.com.tr\/mesafeli-satis-sozlesmesi\/","name":"Mesafeli sat\u0131\u015f s\u00f6zle\u015fmesi - YSS TRAKT\u00d6R OTO KOLTUK S\u0130STEMLER\u0130 SAN. VE T\u0130C. A.\u015e.","isPartOf":{"@id":"https:\/\/www.yss.com.tr\/#website"},"datePublished":"2024-11-22T09:04:28+00:00","breadcrumb":{"@id":"https:\/\/www.yss.com.tr\/mesafeli-satis-sozlesmesi\/#breadcrumb"},"inLanguage":"en-US","potentialAction":[{"@type":"ReadAction","target":["https:\/\/www.yss.com.tr\/mesafeli-satis-sozlesmesi\/"]}]},{"@type":"BreadcrumbList","@id":"https:\/\/www.yss.com.tr\/mesafeli-satis-sozlesmesi\/#breadcrumb","itemListElement":[{"@type":"ListItem","position":1,"name":"Anasayfa","item":"https:\/\/www.yss.com.tr\/en\/"},{"@type":"ListItem","position":2,"name":"Mesafeli sat\u0131\u015f s\u00f6zle\u015fmesi"}]},{"@type":"WebSite","@id":"https:\/\/www.yss.com.tr\/#website","url":"https:\/\/www.yss.com.tr\/","name":"YSS TRAKT\u00d6R OTO KOLTUK S\u0130STEMLER\u0130 SAN. VE T\u0130C. A.\u015e.","description":"1978 y\u0131l\u0131ndan bu g\u00fcne faaliyette olan firmam\u0131z; trakt\u00f6r, forklift, i\u015f makinalar\u0131 ve tar\u0131msal ekipmanlara mekanik ve hava s\u00fcspansiyonlu s\u00fcr\u00fcc\u00fc koltuklar\u0131 ve kabin i\u00e7i poli\u00fcretan par\u00e7alar \u00fcretmektedir.","publisher":{"@id":"https:\/\/www.yss.com.tr\/#organization"},"potentialAction":[{"@type":"SearchAction","target":{"@type":"EntryPoint","urlTemplate":"https:\/\/www.yss.com.tr\/?s={search_term_string}"},"query-input":{"@type":"PropertyValueSpecification","valueRequired":true,"valueName":"search_term_string"}}],"inLanguage":"en-US"},{"@type":"Organization","@id":"https:\/\/www.yss.com.tr\/#organization","name":"YSS TRAKT\u00d6R OTO KOLTUK S\u0130STEMLER\u0130 SAN. VE T\u0130C. A.\u015e.","url":"https:\/\/www.yss.com.tr\/","logo":{"@type":"ImageObject","inLanguage":"en-US","@id":"https:\/\/www.yss.com.tr\/#\/schema\/logo\/image\/","url":"https:\/\/www.yss.com.tr\/wp-content\/uploads\/2023\/05\/yss-logo.svg","contentUrl":"https:\/\/www.yss.com.tr\/wp-content\/uploads\/2023\/05\/yss-logo.svg","caption":"YSS TRAKT\u00d6R OTO KOLTUK S\u0130STEMLER\u0130 SAN. VE T\u0130C. A.\u015e."},"image":{"@id":"https:\/\/www.yss.com.tr\/#\/schema\/logo\/image\/"},"sameAs":["https:\/\/www.facebook.com\/YSSKoltukSistemleri","https:\/\/www.instagram.com\/yssseating\/"]}]}},"_links":{"self":[{"href":"https:\/\/www.yss.com.tr\/en\/wp-json\/wp\/v2\/pages\/11846","targetHints":{"allow":["GET"]}}],"collection":[{"href":"https:\/\/www.yss.com.tr\/en\/wp-json\/wp\/v2\/pages"}],"about":[{"href":"https:\/\/www.yss.com.tr\/en\/wp-json\/wp\/v2\/types\/page"}],"author":[{"embeddable":true,"href":"https:\/\/www.yss.com.tr\/en\/wp-json\/wp\/v2\/users\/1"}],"replies":[{"embeddable":true,"href":"https:\/\/www.yss.com.tr\/en\/wp-json\/wp\/v2\/comments?post=11846"}],"version-history":[{"count":2,"href":"https:\/\/www.yss.com.tr\/en\/wp-json\/wp\/v2\/pages\/11846\/revisions"}],"predecessor-version":[{"id":11855,"href":"https:\/\/www.yss.com.tr\/en\/wp-json\/wp\/v2\/pages\/11846\/revisions\/11855"}],"wp:attachment":[{"href":"https:\/\/www.yss.com.tr\/en\/wp-json\/wp\/v2\/media?parent=11846"}],"curies":[{"name":"wp","href":"https:\/\/api.w.org\/{rel}","templated":true}]}}